{"id":7330,"date":"2023-04-20T15:16:46","date_gmt":"2023-04-20T13:16:46","guid":{"rendered":"https:\/\/new.boding.se\/?page_id=7330"},"modified":"2023-12-19T15:18:48","modified_gmt":"2023-12-19T14:18:48","slug":"vanligt-storsegel","status":"publish","type":"page","link":"https:\/\/new.boding.se\/en\/sortiment\/segel\/vanligt-storsegel\/","title":{"rendered":"Vanligt storsegel"},"content":{"rendered":"<p>[et_pb_section fb_built=&#8221;1&#8243; specialty=&#8221;on&#8221; module_class=&#8221;section-single-product&#8221; _builder_version=&#8221;4.20.0&#8243; _module_preset=&#8221;default&#8221; global_colors_info=&#8221;{}&#8221;][et_pb_column type=&#8221;1_2&#8243; specialty_columns=&#8221;2&#8243; _builder_version=&#8221;4.16&#8243; custom_padding=&#8221;|||&#8221; global_colors_info=&#8221;{}&#8221; custom_padding__hover=&#8221;|||&#8221;][et_pb_row_inner module_class=&#8221;row-product-gallery&#8221; _builder_version=&#8221;4.20.0&#8243; _module_preset=&#8221;default&#8221; global_colors_info=&#8221;{}&#8221;][et_pb_column_inner saved_specialty_column_type=&#8221;1_2&#8243; _builder_version=&#8221;4.20.0&#8243; _module_preset=&#8221;default&#8221; global_colors_info=&#8221;{}&#8221;][et_pb_image src=&#8221;https:\/\/new.boding.se\/wp-content\/uploads\/2022\/03\/segel-home.jpg&#8221; title_text=&#8221;segel-home&#8221; show_bottom_space=&#8221;off&#8221; force_fullwidth=&#8221;on&#8221; _builder_version=&#8221;4.20.0&#8243; _module_preset=&#8221;default&#8221; global_colors_info=&#8221;{}&#8221;][\/et_pb_image][et_pb_image src=&#8221;https:\/\/new.boding.se\/wp-content\/uploads\/2022\/03\/kapell-home.jpg&#8221; title_text=&#8221;kapell-home&#8221; show_bottom_space=&#8221;off&#8221; force_fullwidth=&#8221;on&#8221; _builder_version=&#8221;4.20.0&#8243; _module_preset=&#8221;default&#8221; global_colors_info=&#8221;{}&#8221;][\/et_pb_image][et_pb_image src=&#8221;https:\/\/new.boding.se\/wp-content\/uploads\/2015\/08\/spinn.jpg&#8221; title_text=&#8221;spinn&#8221; show_bottom_space=&#8221;off&#8221; force_fullwidth=&#8221;on&#8221; _builder_version=&#8221;4.20.0&#8243; _module_preset=&#8221;default&#8221; global_colors_info=&#8221;{}&#8221;][\/et_pb_image][\/et_pb_column_inner][\/et_pb_row_inner][et_pb_row_inner module_class=&#8221;row-pdf&#8221; _builder_version=&#8221;4.20.0&#8243; _module_preset=&#8221;default&#8221; global_colors_info=&#8221;{}&#8221;][et_pb_column_inner saved_specialty_column_type=&#8221;1_2&#8243; _builder_version=&#8221;4.20.0&#8243; _module_preset=&#8221;default&#8221; global_colors_info=&#8221;{}&#8221;][et_pb_text admin_label=&#8221;Download&#8221; module_class=&#8221;header&#8221; _builder_version=&#8221;4.20.0&#8243; _module_preset=&#8221;default&#8221; global_colors_info=&#8221;{}&#8221;]<\/p>\n<h4>Ladda ned produktblad:<\/h4>\n<p>[\/et_pb_text][et_pb_button button_url=&#8221;\/wp-content\/uploads\/2015\/09\/Boding-Rullstor-Broschyr.pdf&#8221; button_text=&#8221;Rullstor produktblad&#8221; module_class=&#8221;pdf-btn&#8221; _builder_version=&#8221;4.20.0&#8243; _module_preset=&#8221;default&#8221; global_colors_info=&#8221;{}&#8221;][\/et_pb_button][et_pb_button button_url=&#8221;\/wp-content\/uploads\/2023\/03\/Boding-ProduktBlad-Rullstor-CrLaminat-2022.pdf&#8221; button_text=&#8221;Boding ProduktBlad Rullstor CrLaminat 2022&#8243; module_class=&#8221;pdf-btn&#8221; _builder_version=&#8221;4.20.0&#8243; _module_preset=&#8221;default&#8221; global_colors_info=&#8221;{}&#8221;][\/et_pb_button][\/et_pb_column_inner][\/et_pb_row_inner][\/et_pb_column][et_pb_column type=&#8221;1_2&#8243; _builder_version=&#8221;4.16&#8243; custom_padding=&#8221;|||&#8221; global_colors_info=&#8221;{}&#8221; custom_padding__hover=&#8221;|||&#8221;][et_pb_post_title meta=&#8221;off&#8221; featured_image=&#8221;off&#8221; _builder_version=&#8221;4.16&#8243; _module_preset=&#8221;default&#8221; global_colors_info=&#8221;{}&#8221;][\/et_pb_post_title][et_pb_text _builder_version=&#8221;4.20.0&#8243; background_size=&#8221;initial&#8221; background_position=&#8221;top_left&#8221; background_repeat=&#8221;repeat&#8221; global_colors_info=&#8221;{}&#8221;]<\/p>\n<p>Lorem ipsum dolor sit amet, consectetur adipiscing elit, sed do eiusmod tempor incididunt ut labore et dolore magna aliqua. Tellus rutrum tellus pellentesque eu tincidunt tortor.<\/p>\n<p>[\/et_pb_text][et_pb_button button_url=&#8221;\/sail-configurator\/&#8221; button_text=&#8221;Skapa ditt segel&#8221; admin_label=&#8221;Configurator btn&#8221; module_class=&#8221;inrow-btn&#8221; _builder_version=&#8221;4.20.0&#8243; _module_preset=&#8221;default&#8221; global_module=&#8221;5634&#8243; saved_tabs=&#8221;all&#8221; global_colors_info=&#8221;{}&#8221;][\/et_pb_button][et_pb_button button_url=&#8221;\/prisforfragan\/&#8221; button_text=&#8221;Prisf\u00f6rfr\u00e5gan&#8221; admin_label=&#8221;Price request btn&#8221; module_class=&#8221;inrow-btn&#8221; _builder_version=&#8221;4.20.2&#8243; _module_preset=&#8221;default&#8221; global_module=&#8221;5635&#8243; saved_tabs=&#8221;all&#8221; global_colors_info=&#8221;{}&#8221;][\/et_pb_button][et_pb_tabs _builder_version=&#8221;4.20.0&#8243; _module_preset=&#8221;default&#8221; global_colors_info=&#8221;{}&#8221;][et_pb_tab title=&#8221;Lorem ipsum&#8221; _builder_version=&#8221;4.20.0&#8243; _module_preset=&#8221;default&#8221; global_colors_info=&#8221;{}&#8221;]<\/p>\n<p>Lorem ipsum dolor sit amet, consectetur adipiscing elit, sed do eiusmod tempor incididunt ut labore et dolore magna aliqua. Vivamus at augue eget arcu dictum varius duis at. At quis risus sed vulputate. Molestie a iaculis at erat pellentesque. Id diam vel quam elementum pulvinar etiam non quam. Lectus arcu bibendum at varius vel. Tristique senectus et netus et malesuada fames ac turpis. Nisi est sit amet facilisis magna etiam. Lorem mollis aliquam ut porttitor leo a diam. Odio aenean sed adipiscing diam donec adipiscing tristique risus. Bibendum neque egestas congue quisque egestas diam. Sed blandit libero volutpat sed cras ornare arcu dui.<\/p>\n<div class=\"et_pb_button_module_wrapper\"><a class=\"et_pb_button\" href=\"\/sail-configurator\/\">Skapa ditt segel<\/a><\/div>\n<p>[\/et_pb_tab][et_pb_tab title=&#8221;Lorem ipsum&#8221; _builder_version=&#8221;4.20.0&#8243; _module_preset=&#8221;default&#8221; global_colors_info=&#8221;{}&#8221;]<\/p>\n<p>Lorem ipsum dolor sit amet, consectetur adipiscing elit, sed do eiusmod tempor incididunt ut labore et dolore magna aliqua. Vivamus at augue eget arcu dictum varius duis at. At quis risus sed vulputate. Molestie a iaculis at erat pellentesque. Id diam vel quam elementum pulvinar etiam non quam. Lectus arcu bibendum at varius vel. Tristique senectus et netus et malesuada fames ac turpis. Nisi est sit amet facilisis magna etiam. Lorem mollis aliquam ut porttitor leo a diam. Odio aenean sed adipiscing diam donec adipiscing tristique risus. Bibendum neque egestas congue quisque egestas diam. Sed blandit libero volutpat sed cras ornare arcu dui.<\/p>\n<div class=\"et_pb_button_module_wrapper\"><a class=\"et_pb_button\" href=\"\/sail-configurator\/\">Skapa ditt segel<\/a><\/div>\n<p>[\/et_pb_tab][et_pb_tab title=&#8221;Lorem ipsum&#8221; _builder_version=&#8221;4.20.0&#8243; _module_preset=&#8221;default&#8221; global_colors_info=&#8221;{}&#8221;]<\/p>\n<p>Lorem ipsum dolor sit amet, consectetur adipiscing elit, sed do eiusmod tempor incididunt ut labore et dolore magna aliqua. Vivamus at augue eget arcu dictum varius duis at. At quis risus sed vulputate. Molestie a iaculis at erat pellentesque. Id diam vel quam elementum pulvinar etiam non quam. Lectus arcu bibendum at varius vel. Tristique senectus et netus et malesuada fames ac turpis. Nisi est sit amet facilisis magna etiam. Lorem mollis aliquam ut porttitor leo a diam. Odio aenean sed adipiscing diam donec adipiscing tristique risus. Bibendum neque egestas congue quisque egestas diam. Sed blandit libero volutpat sed cras ornare arcu dui.<\/p>\n<div class=\"et_pb_button_module_wrapper\"><a class=\"et_pb_button\" href=\"\/sail-configurator\/\">Skapa ditt segel<\/a><\/div>\n<p>[\/et_pb_tab][\/et_pb_tabs][\/et_pb_column][\/et_pb_section]<\/p>\n","protected":false},"excerpt":{"rendered":"<p>Ladda ned produktblad:Lorem ipsum dolor sit amet, consectetur adipiscing elit, sed do eiusmod tempor incididunt ut labore et dolore magna aliqua. Tellus rutrum tellus pellentesque eu tincidunt tortor.Lorem ipsum dolor sit amet, consectetur adipiscing elit, sed do eiusmod tempor incididunt ut labore et dolore magna aliqua. Vivamus at augue eget arcu dictum varius duis at. [&hellip;]<\/p>\n","protected":false},"author":4,"featured_media":6238,"parent":7512,"menu_order":0,"comment_status":"closed","ping_status":"closed","template":"","meta":{"_et_pb_use_builder":"on","_et_pb_old_content":"<p>Boding Segel rekommenderar alla b\u00e5t\u00e4gare som \u00f6verv\u00e4ger att k\u00f6pa ett rullstorsegel med lattor, att best\u00e4lla Boding Segels produkt, RULLSTORSEGEL G2 MEMBRANE. Det \u00e4r samverkan av m\u00e5nga sm\u00e5 detaljer som avg\u00f6r om ett rullstorsegel med lattor \u00e4r l\u00e4tt eller sv\u00e5rt att rulla in och ut. Boding Segels RULLSTORSEGEL G2 MEMBRANE har noga utvecklats och vi har lagt ner mycket jobb f\u00f6r att optimera var och en av de detaljer, som tillsammans g\u00f6r ett rullstorsegel snabbt, stort och s\u00e4kert att hantera.<\/p><p>Vi anv\u00e4nder en 4-skikts G2 Membrane-duk i seglet. Den har flera f\u00f6rdelar.<br \/>G2 Membrane, \u00e4r den nya generationens laminatduk, suver\u00e4n form.<br \/>Begr\u00e4nsningen till 4-skikt g\u00f6r duken smidig, den g\u00e5r att rulla tight.<br \/>G2 Membrane ger dig som kund valm\u00f6jlighet att v\u00e4lja fiber (p\u00e5verka seglets f\u00e4rg och form).<br \/>F\u00f6rst\u00e4rkningarna lamineras unika f\u00f6r varje G2 Membrane-segel och kan dimensioneras exakt. Det \u00e4r speciellt viktigt p\u00e5 rullstorsegel att f\u00f6rst\u00e4rkningar i hals- och fallhorn \u00e4r s\u00e5 l\u00e4tta\/mjuka\/smidiga som det g\u00e5r.<br \/>Lattfickor lamineras helt tight mot duken, bygger n\u00e4stan ingenting och mindre kanter som sticker upp, som kan fastna vid in- och utrullning av seglet.<br \/>\u00d6vriga detaljer<\/p><p>Vi har \u00e4ven testat en speciell coating \u2013 segelytan behandlas s\u00e5 att den blir glatt. Det resulterar i att seglet g\u00e5r l\u00e4ttare att rulla in och ut \u2013 b\u00e5de p\u00e5 grund av det faktum att det blir mindre friktion mot mast, men ocks\u00e5 av det faktum att n\u00e4r det upprullade seglets ytor \u00e4r coatade s\u00e5 glider de l\u00e4ttare mot varandra, vilket g\u00f6r att seglet blir tightare upprullat. Skriv till info@boding.se s\u00e5 \u00e5terkommer vi med ett f\u00f6rslag p\u00e5 en G2 Membrane Rullstor till just din b\u00e5t.<\/p><h2>Teknisk information om st\u00e5ende lattor<\/h2><p>Bodings rullstorsegel G2 Membrane, har 4-5 st\u00e5ende lattor, som b\u00e4r en akterrunda p\u00e5 seglet. Seglet har \u00e4ven mer form \u00e4n ett segel utan lattor. Resultatet blir att seglet drar b\u00e4ttre i b\u00e5de l\u00e4tt och frisk vind.<\/p>","_et_gb_content_width":"","inline_featured_image":false,"footnotes":""},"_links":{"self":[{"href":"https:\/\/new.boding.se\/en\/wp-json\/wp\/v2\/pages\/7330"}],"collection":[{"href":"https:\/\/new.boding.se\/en\/wp-json\/wp\/v2\/pages"}],"about":[{"href":"https:\/\/new.boding.se\/en\/wp-json\/wp\/v2\/types\/page"}],"author":[{"embeddable":true,"href":"https:\/\/new.boding.se\/en\/wp-json\/wp\/v2\/users\/4"}],"replies":[{"embeddable":true,"href":"https:\/\/new.boding.se\/en\/wp-json\/wp\/v2\/comments?post=7330"}],"version-history":[{"count":1,"href":"https:\/\/new.boding.se\/en\/wp-json\/wp\/v2\/pages\/7330\/revisions"}],"predecessor-version":[{"id":7331,"href":"https:\/\/new.boding.se\/en\/wp-json\/wp\/v2\/pages\/7330\/revisions\/7331"}],"up":[{"embeddable":true,"href":"https:\/\/new.boding.se\/en\/wp-json\/wp\/v2\/pages\/7512"}],"wp:featuredmedia":[{"embeddable":true,"href":"https:\/\/new.boding.se\/en\/wp-json\/wp\/v2\/media\/6238"}],"wp:attachment":[{"href":"https:\/\/new.boding.se\/en\/wp-json\/wp\/v2\/media?parent=7330"}],"curies":[{"name":"wp","href":"https:\/\/api.w.org\/{rel}","templated":true}]}}