{"id":7272,"date":"2023-12-18T14:14:36","date_gmt":"2023-12-18T13:14:36","guid":{"rendered":"https:\/\/new.boding.se\/?page_id=7272"},"modified":"2023-12-19T15:12:38","modified_gmt":"2023-12-19T14:12:38","slug":"gennaker","status":"publish","type":"page","link":"https:\/\/new.boding.se\/en\/sortiment\/segel\/gennaker\/","title":{"rendered":"Gennaker"},"content":{"rendered":"<p>[et_pb_section fb_built=&#8221;1&#8243; specialty=&#8221;on&#8221; module_class=&#8221;section-single-product&#8221; _builder_version=&#8221;4.20.0&#8243; _module_preset=&#8221;default&#8221; global_colors_info=&#8221;{}&#8221;][et_pb_column type=&#8221;1_2&#8243; specialty_columns=&#8221;2&#8243; _builder_version=&#8221;4.16&#8243; custom_padding=&#8221;|||&#8221; global_colors_info=&#8221;{}&#8221; custom_padding__hover=&#8221;|||&#8221;][et_pb_row_inner module_class=&#8221;row-product-gallery&#8221; _builder_version=&#8221;4.20.0&#8243; _module_preset=&#8221;default&#8221; global_colors_info=&#8221;{}&#8221;][et_pb_column_inner saved_specialty_column_type=&#8221;1_2&#8243; _builder_version=&#8221;4.20.0&#8243; _module_preset=&#8221;default&#8221; global_colors_info=&#8221;{}&#8221;][et_pb_image src=&#8221;https:\/\/new.boding.se\/wp-content\/uploads\/2022\/03\/segel-home.jpg&#8221; title_text=&#8221;segel-home&#8221; show_bottom_space=&#8221;off&#8221; force_fullwidth=&#8221;on&#8221; _builder_version=&#8221;4.20.0&#8243; _module_preset=&#8221;default&#8221; global_colors_info=&#8221;{}&#8221;][\/et_pb_image][et_pb_image src=&#8221;https:\/\/new.boding.se\/wp-content\/uploads\/2022\/03\/kapell-home.jpg&#8221; title_text=&#8221;kapell-home&#8221; show_bottom_space=&#8221;off&#8221; force_fullwidth=&#8221;on&#8221; _builder_version=&#8221;4.20.0&#8243; _module_preset=&#8221;default&#8221; global_colors_info=&#8221;{}&#8221;][\/et_pb_image][et_pb_image src=&#8221;https:\/\/new.boding.se\/wp-content\/uploads\/2015\/08\/spinn.jpg&#8221; title_text=&#8221;spinn&#8221; show_bottom_space=&#8221;off&#8221; force_fullwidth=&#8221;on&#8221; _builder_version=&#8221;4.20.0&#8243; _module_preset=&#8221;default&#8221; global_colors_info=&#8221;{}&#8221;][\/et_pb_image][\/et_pb_column_inner][\/et_pb_row_inner][et_pb_row_inner module_class=&#8221;row-pdf&#8221; _builder_version=&#8221;4.20.0&#8243; _module_preset=&#8221;default&#8221; global_colors_info=&#8221;{}&#8221;][et_pb_column_inner saved_specialty_column_type=&#8221;1_2&#8243; _builder_version=&#8221;4.20.0&#8243; _module_preset=&#8221;default&#8221; global_colors_info=&#8221;{}&#8221;][et_pb_text admin_label=&#8221;Download&#8221; module_class=&#8221;header&#8221; _builder_version=&#8221;4.20.0&#8243; _module_preset=&#8221;default&#8221; global_colors_info=&#8221;{}&#8221;]<\/p>\n<h4>Ladda ned produktblad:<\/h4>\n<p>[\/et_pb_text][et_pb_button button_url=&#8221;\/wp-content\/uploads\/2021\/02\/Boding-Produktblad-Gennaker-2020.pdf&#8221; button_text=&#8221;Boding Produktblad Gennaker 2020&#8243; module_class=&#8221;pdf-btn&#8221; _builder_version=&#8221;4.20.0&#8243; _module_preset=&#8221;default&#8221; global_colors_info=&#8221;{}&#8221;][\/et_pb_button][et_pb_button button_url=&#8221;\/wp-content\/uploads\/2021\/02\/Boding-Produktblad-Rullgennaker-Code1-2020.pdf&#8221; button_text=&#8221;Boding Produktblad Rullgennaker Code1 2020&#8243; module_class=&#8221;pdf-btn&#8221; _builder_version=&#8221;4.20.0&#8243; _module_preset=&#8221;default&#8221; global_colors_info=&#8221;{}&#8221;][\/et_pb_button][et_pb_button button_url=&#8221;\/wp-content\/uploads\/2015\/12\/Rullgennaker-tillbeh\u00f6r.pdf&#8221; button_text=&#8221;Rullgennaker tillbeh\u00f6r&#8221; module_class=&#8221;pdf-btn&#8221; _builder_version=&#8221;4.20.0&#8243; _module_preset=&#8221;default&#8221; global_colors_info=&#8221;{}&#8221;][\/et_pb_button][\/et_pb_column_inner][\/et_pb_row_inner][\/et_pb_column][et_pb_column type=&#8221;1_2&#8243; _builder_version=&#8221;4.16&#8243; custom_padding=&#8221;|||&#8221; global_colors_info=&#8221;{}&#8221; custom_padding__hover=&#8221;|||&#8221;][et_pb_post_title meta=&#8221;off&#8221; featured_image=&#8221;off&#8221; _builder_version=&#8221;4.16&#8243; _module_preset=&#8221;default&#8221; global_colors_info=&#8221;{}&#8221;][\/et_pb_post_title][et_pb_text _builder_version=&#8221;4.20.0&#8243; background_size=&#8221;initial&#8221; background_position=&#8221;top_left&#8221; background_repeat=&#8221;repeat&#8221; global_colors_info=&#8221;{}&#8221;]<\/p>\n<p><strong>Bodings undanvindssegel g\u00f6rs med de senaste finnesserna och moderna detaljer och h\u00e5ller h\u00f6g kvalitet.<\/strong><\/p>\n<p>V\u00e5ra spinnakrar och gennakrar designas av ledande designers och designas unik f\u00f6r varje b\u00e5t. Du kan v\u00e4lja mellan en traditionell spinnaker, den lite mer l\u00e4tthanterliga gennakern eller det senaste inom undanvindssegel, rullgennaker. Vi p\u00e5 Boding Segel hj\u00e4lper dig att v\u00e4lja vad som \u00e4r b\u00e4st l\u00e4mpat f\u00f6r just dig.<\/p>\n<p>[\/et_pb_text][et_pb_button button_url=&#8221;\/sail-configurator\/&#8221; button_text=&#8221;Skapa ditt segel&#8221; admin_label=&#8221;Configurator btn&#8221; module_class=&#8221;inrow-btn&#8221; _builder_version=&#8221;4.20.0&#8243; _module_preset=&#8221;default&#8221; global_module=&#8221;5634&#8243; saved_tabs=&#8221;all&#8221; global_colors_info=&#8221;{}&#8221;][\/et_pb_button][et_pb_button button_url=&#8221;\/prisforfragan\/&#8221; button_text=&#8221;Prisf\u00f6rfr\u00e5gan&#8221; admin_label=&#8221;Price request btn&#8221; module_class=&#8221;inrow-btn&#8221; _builder_version=&#8221;4.20.2&#8243; _module_preset=&#8221;default&#8221; global_module=&#8221;5635&#8243; saved_tabs=&#8221;all&#8221; global_colors_info=&#8221;{}&#8221;][\/et_pb_button][et_pb_tabs _builder_version=&#8221;4.20.0&#8243; _module_preset=&#8221;default&#8221; global_colors_info=&#8221;{}&#8221;][et_pb_tab title=&#8221;Gennaker&#8221; _builder_version=&#8221;4.20.0&#8243; _module_preset=&#8221;default&#8221; global_colors_info=&#8221;{}&#8221;]<\/p>\n<p><strong>Boding Segels gennakrar ger b\u00e5ten fantastisk fart i l\u00e4tt- och medelvind, d\u00e5 fock eller genua k\u00e4nns otillr\u00e4ckligt. Boding Segel designar varje gennaker unik f\u00f6r varje b\u00e5t, vilket optimerar prestandan och g\u00f6r skotning\/trim enkelt. En gennaker \u00e4r n\u00e4stan lika l\u00e4ttseglad som en genua. Med en gennakerstrumpa eller rullsystem blir dessutom seglet v\u00e4ldigt l\u00e4tthanterligt.<\/strong><\/p>\n<h5>Hur seglas en gennaker?<\/h5>\n<p>Gennakern \u00e4r en korsning av en spinnaker och en genua. Gennakern sys i samma l\u00e4tta duk som spinnakrar. Samtidigt skotas gennakern enkelt som en genua, fast med en skotpunkt l\u00e4ngst akterut (d\u00e4r spinnakern skotas) . N\u00e5gon bom beh\u00f6vs inte. Gennakern \u00e4r lika enkel att gippa med som genuan, gennakern f\u00e5r passera framf\u00f6r f\u00f6rstaget ist\u00e4llet f\u00f6r mellan f\u00f6rstag &amp; mast.\u00a0Gennakern kan hissas och rivas med en <a href=\"\/tillbehor\/gennakerstrumpa\/\">gennakerstrumpa<\/a> alternativt monteras p\u00e5 ett\u00a0rullsystem (<a href=\"\/rullsystem\/gennaker-coderullsystem\/selden-gx\/\">Seld\u00e9n GX<\/a>), vilket underl\u00e4ttar hanteringen ytterligare.<\/p>\n<h5>Design<\/h5>\n<p>Boding Segel designar varje gennaker unik f\u00f6r varje b\u00e5t. Vi tar h\u00e4nsyn till var gennakern skall halsas; n\u00e4ra f\u00f6rstag, i st\u00e4vankarbeslag eller p\u00e5 bogspr\u00f6t\/peke. En gennakers f\u00f6rlik \u00e4r l\u00e4ngre \u00e4n dess akterlik, hur mycket l\u00e4ngre avg\u00f6rs just av var seglet halsas. D\u00e4rf\u00f6r \u00e4r det s\u00e4llan som designade gennakertrianglar kan \u00e5teranv\u00e4ndas, det \u00e4r inte m\u00f6jligt om seglet skall g\u00f6ras optimalt f\u00f6r b\u00e5ten.<\/p>\n<h5>Gennaker<\/h5>\n<p>Gennakerns storlek, form och djup designas sedan utifr\u00e5n kundens \u00f6nskem\u00e5l om anv\u00e4ndningsomr\u00e5de. V\u00e5r grundfilosofi \u00e4r att g\u00f6ra en design optimal f\u00f6r det register d\u00e4r kunden har mest gl\u00e4dje av sin gennaker. I de flesta fallen \u00e4r det fr\u00e5n halvvind till djupare sl\u00f6rbogar. Boding Segels mest popul\u00e4ra design kallar vi \u201dALLROUND-SL\u00d6R\u201d, den g\u00e5r att segla i registret 90\u2013150 grader. Boding Segel har totalt 4 gennakermodeller (4 olika design), d\u00e4r v\u00e5r mest popul\u00e4ra design \u201dALLROUND-SL\u00d6R\u201d \u00e4r den n\u00e4st st\u00f6rsta\/djupaste. M\u00e5nga b\u00e5t\u00e4gare som alltid seglar med sj\u00e4lvsl\u00e5ende fock, v\u00e4ljer en mer genualik gennaker (planare) f\u00f6r att n\u00e4stan kunna kryssa med gennakern i l\u00e4tt vind. Det seglet blir dock inte lika l\u00e4tt trimmat och effektivt p\u00e5 sl\u00f6r.<\/p>\n<h5>Duk \u2013 v\u00e4lj f\u00e4rg och m\u00f6nster sj\u00e4lv<\/h5>\n<p>Val av f\u00e4rger och hur f\u00e4rger skall f\u00f6rdelas best\u00e4mmer du sj\u00e4lv. Dukvikt och dukkvalit\u00e9 \u00f6verv\u00e4ger vi noga utifr\u00e5n b\u00e5ttyp och \u00e4ndam\u00e5l. Vi anv\u00e4nder nylondukar fr\u00e5n de ledande duktillverkarna (Dimension Polyant, Bainbridge och Contender).<\/p>\n<h5>Detaljer<\/h5>\n<p>Alla Boding-gennakrar \u00e4r mycket v\u00e4lsydda (3 stegs zig-zag s\u00f6m). Paneler \u00e4r laserskurna med stor precision. Rostfria ringar i horn \u00e4r \u201dbandade\u201d in i f\u00f6rst\u00e4rkningarna (l\u00e4ttast och starkast).\u00a0Vid behov\u00a0syr vi i vectran- eller spectra lina i f\u00f6rliket f\u00f6r att ge extra styrka.<\/p>\n<div class=\"et_pb_button_module_wrapper\"><a class=\"et_pb_button\" href=\"\/sail-configurator\/\">Skapa ditt segel<\/a><\/div>\n<p>[\/et_pb_tab][et_pb_tab title=&#8221;Spinnaker&#8221; _builder_version=&#8221;4.20.0&#8243; _module_preset=&#8221;default&#8221; global_colors_info=&#8221;{}&#8221;]<\/p>\n<p><strong>Boding Segels spinnakrar g\u00f6rs med Fullradial sk\u00e4rning vilket \u00e4r det modernaste s\u00e4ttet att designa en spinnaker och den b\u00e4sta designen vad g\u00e4ller formstabilitet. Det \u00e4r viktigt p\u00e5 branta bogar i frisk vind. Panelerna \u00e4r laserskurna f\u00f6r optimal precision.<\/strong><\/p>\n<h5>Design<\/h5>\n<p>Generellt delar vi in v\u00e5ra designer i 3 olika typer. 1 Allround, 2 Runner (l\u00e4ns) och 3 Reacher (sk\u00e4rning).<\/p>\n<p>Allround spinnaker \u00e4r valet d\u00e5 man endast har en spinnaker ombord. \u00c4ven vid semester segling med spinnaker s\u00e5 \u00e4r Allround designen valet.<br \/>En Runner (l\u00e4ns) \u00e4r bra vid djup sl\u00f6r och plattl\u00e4ns, l\u00e4mplig om man seglar kryss\/l\u00e4ns banor eller vill ut\u00f6ka sin undanvindsgarderob s\u00e5 att man har specifika segel f\u00f6r olika vindriktningar.<br \/>En Reacher (sk\u00e4rning) \u00e4r en plan lite smalare spinnaker som \u00e4r l\u00e4mplig p\u00e5 brantare bogar d\u00e4r man f\u00e5r sk\u00e4ra mycket, oftast ocks\u00e5 i lite h\u00e5rdare vind. \u00c4ven denna d\u00e5 l\u00e4mplig d\u00e5 man vill ha flera spinnakrar f\u00f6r olika vindvinklar.<\/p>\n<h5>Duk \u2013 v\u00e4lj f\u00e4rg och m\u00f6nster sj\u00e4lv<\/h5>\n<p>Vi anv\u00e4nder nylon i v\u00e5ra spinnakrar i dukvikter fr\u00e5n 32-75 g\/m2. Val av f\u00e4rger och hur f\u00e4rger skall f\u00f6rdelas best\u00e4mmer du sj\u00e4lv. Dukvikt och dukkvalit\u00e9 \u00f6verv\u00e4ger vi noga utifr\u00e5n b\u00e5ttyp och \u00e4ndam\u00e5l. Vi anv\u00e4nder nylondukar fr\u00e5n de ledande duktillverkarna (Dimension Polyant, Bainbridge och Contender).<\/p>\n<h5>Detaljer<\/h5>\n<p>Alla Boding-spinnakrar \u00e4r mycket v\u00e4lsydda (3 stegs zig-zag s\u00f6m). Paneler \u00e4r laserskurna med stor precision. Rostfria ringar i horn \u00e4r \u201dbandade\u201d in i f\u00f6rst\u00e4rkningarna (l\u00e4ttast och starkast). Ibland syr vi i vectran- eller spectra lina i liken f\u00f6r att ge extra styrka.<\/p>\n<div class=\"et_pb_button_module_wrapper\"><a class=\"et_pb_button\" href=\"\/sail-configurator\/\">Skapa ditt segel<\/a><\/div>\n<p>[\/et_pb_tab][et_pb_tab title=&#8221;CODE 1 Rullgennaker&#8221; _builder_version=&#8221;4.20.0&#8243; _module_preset=&#8221;default&#8221; global_colors_info=&#8221;{}&#8221;]<\/p>\n<p><strong>Rullgennakern \u00e4r ett fantastiskt segel, kanske \u00e4r seglet det mest revolutionerande som har h\u00e4nt under -90 och 00-talen. Intresset f\u00f6r detta nya segel \u00e4r enormt.<\/strong><\/p>\n<p>En Code\u00a01 kan likt Code 0, n\u00e4rmast beskrivas som ett mellanting mellan en stor genua och en djup gennaker. En Code\u00a01 \u00e4r f\u00f6rh\u00e5llandevis plan i sin design som g\u00f6r att det g\u00e5r att ta bra h\u00f6jd, dock inte lika plan som en Code 0 vilken \u00e4r planast av alla gennakrar. Code 1 \u00e4r som mest effektiv i skenbar vind fr\u00e5n ca. 60\u00b0 till 125\u00b0. D\u00e5 seglet har lite mer djup\/form \u00e4n Code 0, blir seglet lite bredare i sitt anv\u00e4ndningsomr\u00e5de. Seglet sys oftas i en nylonduk och skotas enkelt som en genua, fast med en skotpunkt l\u00e5ngt akterut p\u00e5 b\u00e5ten.<br \/>F\u00f6rliket \u00e4r rakt och v\u00e4l uppstr\u00e4ckt under segling och \u00e4r anpassat f\u00f6r att kunna rullas vilket underl\u00e4ttar hanteringen av detta stora segel. En vridstyv lina (AT-kabel) \u00e4r insydd i f\u00f6rliket och kopplas med hj\u00e4lp av kauser till rullsystemets trumma respektive fallsvirvel. Hela f\u00f6rliket rullas in samtidigt fr\u00e5n topp till botten. Seglet hissas i spinnaker\/gennakerfallet och lintrumman monteras i f\u00f6rst\u00e4ven eller i ett stabilt peke. <a href=\"\/rullsystem\/gennaker-coderullsystem\/selden-cx\/\">Seld\u00e9n CX<\/a> \u00e4r r\u00e4tt rullsystem f\u00f6r en Code 1.<\/p>\n<h5>Teknisk information f\u00f6r rullgennaker Code 1<\/h5>\n<p>Varje rullgennaker CODE 1 som Boding Segel levererar designas unik under ledning av chefsdesigner Magnus Wox\u00e9n. 4-faldig Volvo Ocean Race jordenrunt seglare och d\u00e4rmed en av Sveriges mest erfarna undanvindsseglare b\u00e5de som segeltrimmer och rorsman. Seglets design \u00e4r avg\u00f6rande f\u00f6r rullgennakerns prestanda och hanterbarhet.<\/p>\n<p><strong>RULLSYSTEM:<\/strong> Seld\u00e9n CX \u00e4r r\u00e4tt rullsystem f\u00f6r en Code 1. L\u00e4s \u00e4ven mer om rullsystemet i menyn RULLSYSTEM och klicka sedan p\u00e5 <a href=\"\/rullsystem\/gennaker-coderullsystem\/selden-cx\/\">GENNAKER-\/CODE RULLSYSTEM<\/a>.<\/p>\n<p><strong>ANV\u00c4NDNING: <\/strong>L\u00e4tt- till mellanvind, skenbar vind fr\u00e5n ca.\u00a060\u00b0 till 125\u00b0. V\u00e4ldigt l\u00e4mpat f\u00f6r b\u00e5tar med enbart fock\/mindre \u00f6verlappande f\u00f6rsegel.<\/p>\n<p><strong>ANTI-TORQUE LINA:<\/strong> Code 1 segel sys med en 8-11mm vridstyv lina i f\u00f6rliket, f\u00f6r att seglet ska kunna rullas l\u00e4tt och s\u00e4kert.<\/p>\n<p><strong>HALS- &amp; FALLHORN TIMBLES:<\/strong> Den vridstyva anti-torque linan f\u00e4sts i metallkauser, som g\u00f6r att momentet p\u00e5 rullen utnyttjas optimalt.<\/p>\n<p><strong>NYLONDUK VS LAMINATDUK:<\/strong> F\u00f6r de flesta b\u00e5t\u00e4garna \u00e4r en kraftig nylonduk mest intressant. Rullgennakern f\u00e5r d\u00e5 ett bredare vindregister och blir mer undanvindsbetonad. F\u00f6r racing (eller Code 0), s\u00e5 anv\u00e4nds \u00e4ven en tunn speciell CODE 0 laminatduk.<\/p>\n<p><strong>TILLVAL:<\/strong> F\u00f6r maximalt enkel hantering av man\u00f6verlinan finns som tillbeh\u00f6r ett \u00f6ppningsbart ledbeslag f\u00f6r att leda linan utefter mant\u00e5get samt ett fiolblock med dubbla linl\u00e5s f\u00f6r l\u00e5sning av linan. Du handlar alltid m\u00e4rkes tillbeh\u00f6r (block, skot, fall) till rabatterat pris i samband med k\u00f6r av nytt segel.<\/p>\n<div class=\"et_pb_button_module_wrapper\"><a class=\"et_pb_button\" href=\"\/sail-configurator\/\">Skapa ditt segel<\/a><\/div>\n<p>[\/et_pb_tab][et_pb_tab title=&#8221;Code Zero&#8221; _builder_version=&#8221;4.20.0&#8243; _module_preset=&#8221;default&#8221; global_colors_info=&#8221;{}&#8221;]<\/p>\n<p>Code 0 seglet fick sitt genombrott i Volvo Ocean Race men har p\u00e5 senare \u00e5r blivit mer och mer uppskattat av vanliga seglare, fr\u00e4mst kappseglare, som ett effektivt l\u00e4ttvindssegel. En Code 0 kan n\u00e4rmast beskrivas som ett mellanting mellan en stor genua och en gennaker. En Code 0 \u00e4r f\u00f6rh\u00e5llandevis plan i sin design och som mest effektiv i skenbar vind fr\u00e5n 40\u00b0 till 90\u00b0. F\u00f6rliket \u00e4r rakt och v\u00e4l uppstr\u00e4ckt under segling och \u00e4r i de flesta fall nu mera anpassat f\u00f6r att kunna rullas vilket underl\u00e4ttar hanteringen av detta stora segel. En vridstyv lina (AT-kabel) \u00e4r d\u00e5 insydd i f\u00f6rliket och kopplas med hj\u00e4lp av kauser till rullsystemets trumma respektive fallsvirvel. Hela f\u00f6rliket rullas in samtidigt fr\u00e5n topp till botten. Seglet hissas i spinnaker\/gennakerfallet och lintrumman monteras i f\u00f6rst\u00e4ven eller i ett stabilt peke. <strong><a href=\"\/rullsystem\/gennaker-coderullsystem\/selden-cx\/\">Seld\u00e9n CX<\/a><\/strong> \u00e4r r\u00e4tt rullsystem f\u00f6r en Code 0.<\/p>\n<h5>Teknisk information f\u00f6r Code 0<\/h5>\n<p>Varje CODE\u00a00 som Boding Segel levererar designas unik av ledande segeldesigners, med m\u00e5nga \u00e5rs erfarenhet fr\u00e5n bl.a. Volvo Ocean Race, Americas Cup och Vend\u00e9e Globe. Seglets design \u00e4r avg\u00f6rande f\u00f6r prestanda och hanterbarhet.<br \/><strong><br \/>RULLSYSTEM:<\/strong> Seld\u00e9n CX \u00e4r r\u00e4tt rullsystem f\u00f6r en Code 0. L\u00e4s \u00e4ven mer om rullsystemet i menyn RULLSYSTEM och klicka sedan p\u00e5 <a href=\"\/rullsystem\/gennaker-coderullsystem\/selden-cx\/\">GENNAKER-\/CODE RULLSYSTEM<\/a>.<\/p>\n<p><strong>ANV\u00c4NDNING: <\/strong>L\u00e4tt- till mellanvind, skenbar vind fr\u00e5n 40\u00b0 till 90\u00b0. Perfekt f\u00f6r b\u00e5tar med enbart fock.<\/p>\n<p><strong>ANTI-TORQUE LINA:<\/strong> Code\u00a00 segel sys med en 8-11mm vridstyv lina i f\u00f6rliket, f\u00f6r att seglet ska kunna rullas l\u00e4tt och s\u00e4kert.<\/p>\n<p><strong>HALS- &amp; FALLHORN TIMBLES:<\/strong> Den vridstyva AT-kabeln f\u00e4sts i metallkauser, som g\u00f6r att momentet p\u00e5 rullen utnyttjas optimalt.<\/p>\n<p><strong>DUK =\u00a0LAMINAT:<\/strong> F\u00f6r Code\u00a0 0 s\u00e5 anv\u00e4nds en tunn speciell CODE 0 laminatduk. Finns i 3 olika dukvikter.<\/p>\n<p><strong>TILLVAL:<\/strong> F\u00f6r maximalt enkel hantering av man\u00f6verlinan finns som tillbeh\u00f6r ett \u00f6ppningsbart ledbeslag f\u00f6r att leda linan utefter mant\u00e5get samt ett fiolblock med dubbla linl\u00e5s f\u00f6r l\u00e5sning av linan. Du handlar alltid m\u00e4rkes tillbeh\u00f6r (block, skot, fall) till rabatterat pris i samband med k\u00f6r av nytt segel.<\/p>\n<div class=\"et_pb_button_module_wrapper\"><a class=\"et_pb_button\" href=\"\/sail-configurator\/\">Skapa ditt segel<\/a><\/div>\n<p>[\/et_pb_tab][\/et_pb_tabs][\/et_pb_column][\/et_pb_section]<\/p>\n","protected":false},"excerpt":{"rendered":"<p>Ladda ned produktblad:Bodings undanvindssegel g\u00f6rs med de senaste finnesserna och moderna detaljer och h\u00e5ller h\u00f6g kvalitet. V\u00e5ra spinnakrar och gennakrar designas av ledande designers och designas unik f\u00f6r varje b\u00e5t. Du kan v\u00e4lja mellan en traditionell spinnaker, den lite mer l\u00e4tthanterliga gennakern eller det senaste inom undanvindssegel, rullgennaker. Vi p\u00e5 Boding Segel hj\u00e4lper dig att [&hellip;]<\/p>\n","protected":false},"author":4,"featured_media":6234,"parent":7512,"menu_order":0,"comment_status":"closed","ping_status":"closed","template":"","meta":{"_et_pb_use_builder":"on","_et_pb_old_content":"<p><strong>Bodings\u00a0undanvindssegel g\u00f6rs med de senaste finnesserna och moderna detaljer och h\u00e5ller h\u00f6g kvalitet. <\/strong><\/p><p>V\u00e5ra spinnakrar och gennakrar designas av ledande designers och designas unik f\u00f6r varje b\u00e5t.\u00a0Du kan v\u00e4lja mellan en traditionell spinnaker, den lite mer l\u00e4tthanterliga gennakern eller det senaste inom undanvindssegel, rullgennaker. Vi p\u00e5 Boding Segel hj\u00e4lper dig att v\u00e4lja vad som \u00e4r b\u00e4st l\u00e4mpat f\u00f6r just dig.<\/p>","_et_gb_content_width":"","inline_featured_image":false,"footnotes":""},"_links":{"self":[{"href":"https:\/\/new.boding.se\/en\/wp-json\/wp\/v2\/pages\/7272"}],"collection":[{"href":"https:\/\/new.boding.se\/en\/wp-json\/wp\/v2\/pages"}],"about":[{"href":"https:\/\/new.boding.se\/en\/wp-json\/wp\/v2\/types\/page"}],"author":[{"embeddable":true,"href":"https:\/\/new.boding.se\/en\/wp-json\/wp\/v2\/users\/4"}],"replies":[{"embeddable":true,"href":"https:\/\/new.boding.se\/en\/wp-json\/wp\/v2\/comments?post=7272"}],"version-history":[{"count":4,"href":"https:\/\/new.boding.se\/en\/wp-json\/wp\/v2\/pages\/7272\/revisions"}],"predecessor-version":[{"id":7322,"href":"https:\/\/new.boding.se\/en\/wp-json\/wp\/v2\/pages\/7272\/revisions\/7322"}],"up":[{"embeddable":true,"href":"https:\/\/new.boding.se\/en\/wp-json\/wp\/v2\/pages\/7512"}],"wp:featuredmedia":[{"embeddable":true,"href":"https:\/\/new.boding.se\/en\/wp-json\/wp\/v2\/media\/6234"}],"wp:attachment":[{"href":"https:\/\/new.boding.se\/en\/wp-json\/wp\/v2\/media?parent=7272"}],"curies":[{"name":"wp","href":"https:\/\/api.w.org\/{rel}","templated":true}]}}