{"id":6708,"date":"2015-09-07T13:56:58","date_gmt":"2015-09-07T11:56:58","guid":{"rendered":"https:\/\/boding.sitepreview.app\/rullgenua\/"},"modified":"2023-04-20T15:13:50","modified_gmt":"2023-04-20T13:13:50","slug":"rullgenua","status":"publish","type":"page","link":"https:\/\/new.boding.se\/en\/sortiment\/segel\/rullgenua\/","title":{"rendered":"Rullgenua"},"content":{"rendered":"<p>[et_pb_section fb_built=&#8221;1&#8243; specialty=&#8221;on&#8221; module_class=&#8221;section-single-product&#8221; _builder_version=&#8221;4.20.0&#8243; _module_preset=&#8221;default&#8221; global_colors_info=&#8221;{}&#8221;][et_pb_column type=&#8221;1_2&#8243; specialty_columns=&#8221;2&#8243; _builder_version=&#8221;4.16&#8243; custom_padding=&#8221;|||&#8221; global_colors_info=&#8221;{}&#8221; custom_padding__hover=&#8221;|||&#8221;][et_pb_row_inner module_class=&#8221;row-product-gallery&#8221; _builder_version=&#8221;4.20.0&#8243; _module_preset=&#8221;default&#8221; global_colors_info=&#8221;{}&#8221;][et_pb_column_inner saved_specialty_column_type=&#8221;1_2&#8243; _builder_version=&#8221;4.20.0&#8243; _module_preset=&#8221;default&#8221; global_colors_info=&#8221;{}&#8221;][et_pb_image src=&#8221;https:\/\/new.boding.se\/wp-content\/uploads\/2022\/03\/segel-home.jpg&#8221; title_text=&#8221;segel-home&#8221; show_bottom_space=&#8221;off&#8221; force_fullwidth=&#8221;on&#8221; _builder_version=&#8221;4.20.0&#8243; _module_preset=&#8221;default&#8221; global_colors_info=&#8221;{}&#8221;][\/et_pb_image][et_pb_image src=&#8221;https:\/\/new.boding.se\/wp-content\/uploads\/2022\/03\/kapell-home.jpg&#8221; title_text=&#8221;kapell-home&#8221; show_bottom_space=&#8221;off&#8221; force_fullwidth=&#8221;on&#8221; _builder_version=&#8221;4.20.0&#8243; _module_preset=&#8221;default&#8221; global_colors_info=&#8221;{}&#8221;][\/et_pb_image][et_pb_image src=&#8221;https:\/\/new.boding.se\/wp-content\/uploads\/2015\/08\/spinn.jpg&#8221; title_text=&#8221;spinn&#8221; show_bottom_space=&#8221;off&#8221; force_fullwidth=&#8221;on&#8221; _builder_version=&#8221;4.20.0&#8243; _module_preset=&#8221;default&#8221; global_colors_info=&#8221;{}&#8221;][\/et_pb_image][\/et_pb_column_inner][\/et_pb_row_inner][et_pb_row_inner module_class=&#8221;row-pdf&#8221; _builder_version=&#8221;4.20.0&#8243; _module_preset=&#8221;default&#8221; global_colors_info=&#8221;{}&#8221;][et_pb_column_inner saved_specialty_column_type=&#8221;1_2&#8243; _builder_version=&#8221;4.20.0&#8243; _module_preset=&#8221;default&#8221; global_colors_info=&#8221;{}&#8221;][et_pb_text admin_label=&#8221;Download&#8221; module_class=&#8221;header&#8221; _builder_version=&#8221;4.20.0&#8243; _module_preset=&#8221;default&#8221; global_colors_info=&#8221;{}&#8221;]<\/p>\n<h4>Ladda ned produktblad:<\/h4>\n<p>[\/et_pb_text][et_pb_button button_url=&#8221;\/wp-content\/uploads\/2021\/02\/Boding-Produktblad-Rullgenua-Dacron-CCut-2020.pdf&#8221; button_text=&#8221;Boding Produktblad Rullgenua Dacron CCut 2020&#8243; module_class=&#8221;pdf-btn&#8221; _builder_version=&#8221;4.20.0&#8243; _module_preset=&#8221;default&#8221; hover_enabled=&#8221;0&#8243; global_colors_info=&#8221;{}&#8221; sticky_enabled=&#8221;0&#8243;][\/et_pb_button][et_pb_button button_url=&#8221;\/wp-content\/uploads\/2021\/02\/Boding-Produktblad-Rullgenua-CrLaminat-Triradial-2021.pdf&#8221; button_text=&#8221;Boding Produktblad Rullgenua CrLaminat Triradial 2021&#8243; module_class=&#8221;pdf-btn&#8221; _builder_version=&#8221;4.20.0&#8243; _module_preset=&#8221;default&#8221; hover_enabled=&#8221;0&#8243; global_colors_info=&#8221;{}&#8221; sticky_enabled=&#8221;0&#8243;][\/et_pb_button][et_pb_button button_url=&#8221;\/wp-content\/uploads\/2021\/02\/Boding-Produktblad-Rullgenua-G2-Membrane-2020.pdf&#8221; button_text=&#8221;Boding Produktblad Rullgenua G2 Membrane 2020&#8243; module_class=&#8221;pdf-btn&#8221; _builder_version=&#8221;4.20.0&#8243; _module_preset=&#8221;default&#8221; hover_enabled=&#8221;0&#8243; global_colors_info=&#8221;{}&#8221; sticky_enabled=&#8221;0&#8243;][\/et_pb_button][\/et_pb_column_inner][\/et_pb_row_inner][\/et_pb_column][et_pb_column type=&#8221;1_2&#8243; _builder_version=&#8221;4.16&#8243; custom_padding=&#8221;|||&#8221; global_colors_info=&#8221;{}&#8221; custom_padding__hover=&#8221;|||&#8221;][et_pb_post_title meta=&#8221;off&#8221; featured_image=&#8221;off&#8221; _builder_version=&#8221;4.16&#8243; _module_preset=&#8221;default&#8221; global_colors_info=&#8221;{}&#8221;][\/et_pb_post_title][et_pb_text _builder_version=&#8221;4.20.0&#8243; background_size=&#8221;initial&#8221; background_position=&#8221;top_left&#8221; background_repeat=&#8221;repeat&#8221; global_colors_info=&#8221;{}&#8221;]Det \u00e4r mycket viktigt att k\u00f6pa en riktig rullgenua med alla finesser som moderna rullsegel \u00e4r utrustade med. Ska din rullgenua anv\u00e4ndas kombinerat f\u00f6r att vinna SRS-kappseglingar och f\u00f6r att n\u00e5 optimal familjesegling p\u00e5 semestern, s\u00e5 ska absolut en rullgenua i G2 Membrane\u2026[\/et_pb_text][et_pb_button button_url=&#8221;\/sail-configurator\/&#8221; button_text=&#8221;Skapa ditt segel&#8221; admin_label=&#8221;Configurator btn&#8221; module_class=&#8221;inrow-btn&#8221; _builder_version=&#8221;4.20.0&#8243; _module_preset=&#8221;default&#8221; global_module=&#8221;5634&#8243; saved_tabs=&#8221;all&#8221; global_colors_info=&#8221;{}&#8221;][\/et_pb_button][et_pb_button button_url=&#8221;#&#8221; button_text=&#8221;Prisf\u00f6rfr\u00e5gan&#8221; admin_label=&#8221;Price request btn&#8221; module_class=&#8221;inrow-btn&#8221; _builder_version=&#8221;4.20.0&#8243; _module_preset=&#8221;default&#8221; global_module=&#8221;5635&#8243; saved_tabs=&#8221;all&#8221; global_colors_info=&#8221;{}&#8221;][\/et_pb_button][et_pb_tabs _builder_version=&#8221;4.20.0&#8243; _module_preset=&#8221;default&#8221; global_colors_info=&#8221;{}&#8221;][et_pb_tab title=&#8221;Dacron Crosscut&#8221; _builder_version=&#8221;4.20.0&#8243; _module_preset=&#8221;default&#8221; global_colors_info=&#8221;{}&#8221;]<\/p>\n<p><strong>Dacronduk (polyesterv\u00e4v) t\u00e5l stora p\u00e5frestningar under m\u00e5nga \u00e5r. Duken \u00e4r o\u00f6m och slitstark. Dukvikt och finish v\u00e4ljs noga utifr\u00e5n b\u00e5t och \u00e4ndam\u00e5l. Boding Segels rullgenua i dacronduk \u00e4r ett h\u00e5llbart och l\u00e4tthanterligt segel till ett l\u00e5gt pris. Dacronduk fr\u00e5n ledande duktillverkare bl.a. Dimension Polyant.<\/strong><\/p>\n<h5>Material<\/h5>\n<p>Dagens dacrondukar \u00e4r b\u00e4ttre \u00e4n de f\u00f6r 10-20 \u00e5r sedan. De \u00e4r t\u00e4tare v\u00e4vda och b\u00e4ttre efterbehandlade. Resultatet \u00e4r dukar som har b\u00e4ttre form, l\u00e4ngre livsl\u00e4ngd och samtidigt \u00e4r de trevliga att hantera. Boding Segel jobbar framf\u00f6rallt med Dacrondukar fr\u00e5n Dimension Polyant, samt Contender och Challenge.<\/p>\n<h5>Sk\u00e4rning<\/h5>\n<p>De flesta dacrondukar \u00e4r v\u00e4vda f\u00f6r att sk\u00e4ras cross-cut. V\u00e5der som horisontellt sammanfogas och ligger vinkelr\u00e4tt mot akterliket. Det \u00e4r en effektiv kontruktion f\u00f6r att kombinera bra form och l\u00e5gt pris.<\/p>\n<h5>Design<\/h5>\n<p>Boding Segels designteam utvecklar st\u00e4ndigt seglets design\/form. Med samlad erfarenhet fr\u00e5n segeldesigners fr\u00e5n Frankrike, England, Kanada och Sverige \u2013 s\u00e5 \u00e4r Boding Segel bland de segelmakerier som f\u00f6rmodligen l\u00e4gger ner\u00a0mest resurser p\u00e5 att utveckla sig. Varje Boding Segel designas unikt, d\u00e4r vi tar h\u00e4nsyn till varje b\u00e5t\u00e4gares unika f\u00f6ruts\u00e4ttningar.<br \/>Rullgenuor f\u00f6r cruising g\u00f6r vi vanligtvis n\u00e5got mindre \u00e4n en traditionell genua 1. H\u00f6gre skuret underlik, vilket ger b\u00e4ttre sikt samt en skotvinkel som g\u00f6r att seglet kan revas\/rullas in med liten justering av skotpunkten. En rullgenua som skall kombineras f\u00f6r cruising- och klubbkappsegling anpassar vi till maxm\u00e5tt enligt SRS om \u00f6nskas.<\/p>\n<h5>Bukkompensator<\/h5>\n<p>Parallellt med f\u00f6rliket sys flera rader smala kanaler med foam i fallande l\u00e4ngder. De hj\u00e4lper seglet att f\u00e5 planare form vid segling med delvis inrullat segel. Kanalerna med foam p\u00e5verkar seglet relativt lite vid fullt utrullat segel, samtidigt som det ger en effektiv bukkompensering n\u00e4r seglet anv\u00e4nds delvis inrullat.<\/p>\n<h5>Revf\u00f6rst\u00e4rkningar<\/h5>\n<p>Vi g\u00f6r extra l\u00e5nga f\u00f6rst\u00e4rkningar fr\u00e5n fallhorn l\u00e4ngs akterlik samt fr\u00e5n halshorn l\u00e4ngs underlik. De g\u00f6r seglet f\u00f6rst\u00e4rkt d\u00e4r det blir stora p\u00e5frestningar vid segling med delvis inrullat segel.<\/p>\n<h5>Trim<\/h5>\n<p>Rullgenuan har l\u00e5ngt utdragna f\u00f6rst\u00e4rkningar l\u00e4ngs akter- och underlik, s\u00e5 att seglet \u00e4r f\u00f6rst\u00e4rkt \u00e4ven vid segling med delvis inrullad genua. Rullgenuan f\u00f6rses med inrullningsm\u00e4rken. Segel har trimlinor i akter- och underlik. Tell-tales &amp; kontrastband ing\u00e5r samt f\u00f6nster vid nedre tell-tales.<\/p>\n<h5>UV-skydd<\/h5>\n<p>En rullgenua m\u00e5ste UV-skyddas. Antingen med ett fastsytt UV-skydd l\u00e4ngs akter- och underlik och\/eller ett rullgenuakapell. Detta erbjuds som tillval till bra pris i samband med k\u00f6p av nytt segel. Boding Segels rillgenuakapell 2021 \u00e4r ett av marknadens mest v\u00e4lsydda kapell med alla t\u00e4nkbara finesser. Fastsytt UV-skydd och kapell g\u00e5r att f\u00e5 i nya starka och l\u00e4tta kapellv\u00e4ven WeatherMax (WM65 &amp; WM80). F\u00f6r b\u00e4sta prestanda och livsl\u00e4ngd.<\/p>\n<h5>\u00d6vrigt<\/h5>\n<p>S\u00e4ck ing\u00e5r, som tillval erbjuds long rullgenua zip bag s\u00e5 seglet kan f\u00f6rvaras rullat i underlikets l\u00e4ngd off-season vilket \u00e4r mest skonsamt.<\/p>\n<div class=\"et_pb_button_module_wrapper\"><a class=\"et_pb_button\" href=\"https:\/\/new.boding.se\/en\/sail-configurator\/\">Skapa ditt segel<\/a><\/div>\n<p>[\/et_pb_tab][et_pb_tab title=&#8221;Cruisinglaminat Triradial&#8221; _builder_version=&#8221;4.20.0&#8243; _module_preset=&#8221;default&#8221; global_colors_info=&#8221;{}&#8221;]<\/p>\n<p><strong>Cruisinglaminatduk (laminatduk f\u00f6r n\u00f6jessegling) \u00e4r ett fantastiskt material f\u00f6r segling i Norden och norra Europa. Boding Segels rullgenua i cruising laminatduk \u00e4r utformad f\u00f6r optimal prestanda till cruising seglare. En formstabil duk i rullgenuan inneb\u00e4r mindre kr\u00e4ngning och b\u00e4ttre h\u00f6jd. Rullgenuan i cruisinglaminatduk har bra form \u00e4ven delvis inrullad.<\/strong><\/p>\n<h5>Material<\/h5>\n<p>Boding Segel anv\u00e4nder cruisinglaminatduk i 4-5 skikt med dubbel taft. Det ger h\u00f6gre formbest\u00e4ndighet och l\u00e4ngre livsl\u00e4ngd. Olika b\u00e5tar\/segel st\u00e4ller olika krav, rullgenuor g\u00f6r vi i DCX UVM duk fr\u00e5n duktillverkare Dimension Polyant eller CDX Pro duk fr\u00e5n Contender Sailcloth. De \u00e4r marknadens tv\u00e5 ledande kvalit\u00e9ter av cruisinglaminatduk. Dukarna har en X-ply scrim i k\u00e4rnan som ger extra formstabilitet.<\/p>\n<h5>Sk\u00e4rning<\/h5>\n<p>Triradial sk\u00e4rning. Panelerna riktas s\u00e5 att fibrerna sammanfaller med dragriktningen i seglets alla delar, vilket minimerar t\u00f6jningen. Klarar b\u00e4ttre stora krafter i m\u00e5nga sj\u00f6mil.<\/p>\n<h5>Design<\/h5>\n<p>Rullgenuor f\u00f6r cruising g\u00f6r vi vanligtvis n\u00e5got mindre \u00e4n en traditionell genua 1. H\u00f6gre skuret underlik, vilket ger b\u00e4ttre sikt samt en skotvinkel som g\u00f6r att seglet kan revas\/rullas in med liten justering av skotpunkten. En rullgenua som skall kombineras f\u00f6r cruising- och klubbkappsegling anpassar vi till maxm\u00e5tt enligt SRS om \u00f6nskas.<\/p>\n<h5>Bukkompensator<\/h5>\n<p>Parallellt med f\u00f6rliket sys flera rader smala kanaler med foam\u00a0i fallande l\u00e4ngder. De hj\u00e4lper seglet att f\u00e5 planare form vid segling med delvis inrullat segel. Kanalerna med foam p\u00e5verkar seglet relativt lite vid fullt utrullat segel, samtidigt som det ger en effektiv bukkompensering n\u00e4r seglet anv\u00e4nds delvis inrullat.<\/p>\n<h5>Revf\u00f6rst\u00e4rkningar<\/h5>\n<p>Vi g\u00f6r extra l\u00e5nga f\u00f6rst\u00e4rkningar fr\u00e5n fallhorn l\u00e4ngs akterlik samt fr\u00e5n halshorn l\u00e4ngs underlik. De g\u00f6r seglet\u00a0f\u00f6rst\u00e4rkt d\u00e4r det blir stora p\u00e5frestningar vid segling med delvis inrullat segel.<\/p>\n<h5>Trim<\/h5>\n<p>Markeringar l\u00e4ngs underlik som referenspunkter vid revning. Telltales p\u00e5 tre niv\u00e5er.<br \/>Trimlina i akter- och underlik. Kontrastband som hj\u00e4lper att se seglets form.<\/p>\n<h5>UV-skydd<\/h5>\n<p>Rullgenuan m\u00e5ste UV-skyddas. UV-str\u00e5lar f\u00f6rsvagar duk och s\u00f6mmar. Fastsytt UV-skydd l\u00e4ngs akter- och underlik p\u00e5 rullgenuan \u00e4r vanligast samt mest bekv\u00e4mt. Boding segel anv\u00e4nder ledande UV-duken WeatherMax 65. Den \u00e4r l\u00e4tt,smidig och mycket stark. Rullgenuakapell som hissas upp \u00f6ver den inrullade genuan \u00e4r ett bra komplement som avlastar UV-skyddet helger och veckor n\u00e4r b\u00e5ten ligger still. Kapell skyddar \u00e4ven mot regn och smuts. WeatherMax 80 \u00e4r b\u00e4sta kapellv\u00e4ven, b\u00e5de vad g\u00e4ller skydd och framf\u00f6r allt hantering. Duken \u00e4r smidig och mycket t\u00e5lig mot n\u00f6tning.<\/p>\n<h5>\u00d6vrigt<\/h5>\n<p>S\u00e4ck ing\u00e5r, som tillval erbjuds l\u00e5ng s\u00e4ck f\u00f6r att f\u00f6rvara seglet rullat i underlikets l\u00e4ngd.<\/p>\n<div class=\"et_pb_button_module_wrapper\"><a class=\"et_pb_button\" href=\"https:\/\/new.boding.se\/en\/sail-configurator\/\">Skapa ditt segel<\/a><\/div>\n<p>[\/et_pb_tab][et_pb_tab title=&#8221;G2 Membrane&#8221; _builder_version=&#8221;4.20.0&#8243; _module_preset=&#8221;default&#8221; global_colors_info=&#8221;{}&#8221;]<\/p>\n<p><strong>Nya generationenens laminatduk. Valfri fiber l\u00e4ggs unikt f\u00f6r varje segel l\u00e4ngs en kurva fr\u00e5n horn till horn. Alla dukens komponenter (fiber, film, scrim, taft) kan best\u00e4mmas unikt f\u00f6r varje segel. Resultatet \u00e4r mycket formstabila &amp; l\u00e4tta segel som \u00e4r sn\u00e4lla att hantera och har l\u00e5ng livsl\u00e4ngd. B\u00e4ttre duk finns inte f\u00f6r aktiv n\u00f6jessegling och kappsegling.<\/strong><\/p>\n<h5>VAL AV FIBER \u2013 G2 MEMBRANEDUKENS VIKTIGASTE PARAMETER<\/h5>\n<p>Genom att fibern vid tillverkningen kan lamineras b\u00f6jd l\u00e4ngs en kurva kan vi mer exakt f\u00e5 fibern att f\u00f6lja de verkliga lastriktningarna i seglet. Fibern anv\u00e4nds d\u00e4rmed mer effektivt, det beh\u00f6vs f\u00e4rre fibrer f\u00f6r att g\u00f6ra samma jobb (vi spar vikt). Varje segel\/b\u00e5t\u00e4gare kan fritt v\u00e4lja fiber, som motsvarar \u00f6nskem\u00e5l (prestation\/f\u00e4rg) f\u00f6r t\u00e4nkt anv\u00e4ndningsomr\u00e5de. Vitt, gult och\/eller svart. Vit Polyesterfiber som l\u00e4mpar sig b\u00e4st f\u00f6r sm\u00e5 b\u00e5tar.<br \/>St\u00f6rre b\u00e5tar b\u00f6r \u00f6verv\u00e4ga en starkare\/stummare fiber \u00e4n Polyester. Fiber kolfiber &amp; Twaron\/Technora black \u00e4r l\u00e4ttast\/stummast om kappsegling \u00e4r fokus, Spectra\/Dyneema-fiberfamiljen \u00e4r fantastiska fiber om du vill ha stumma l\u00e4tta segel traditionellt vita.<em>\u00a0<\/em><\/p>\n<h5>SEGELDESIGN \u2013 \u00c4NNU VIKTIGARE VID DESIGN AV G2 MEMBRANE SEGEL<\/h5>\n<p>Bodings internationella design team jobbar i ledande designprogram och maskinell utrustning f\u00f6r att perfekt \u00f6verf\u00f6ra datadesign till seglets verkliga vingform. G2 Membranesegel fr\u00e5n Boding Segel har presterat \u00f6ver l\u00e5ng tid med pallplaceringar, klassegrar och Line Honor i klassiska regattor runt om i Norden som t.ex \u00c5f Offshore Race, Faerder Race, Tj\u00f6rn Runt, Liding\u00f6 Runt,<br \/>SeaPilot2Star m.fl. Men merparten som k\u00f6per G2 Membrane v\u00e4ljer duken f\u00f6r att njuta perfekt segling och enkel hantering p\u00e5 semestern.<\/p>\n<h5>TAFT \u2013 V\u00c4VD, FILMESS ELLER MULTIFILAMENT<\/h5>\n<p>F\u00f6r extrem racing s\u00e5 har ofta taft slopats. Taften bidrar ej med styrka. Taft \u00e4r dukens yttersta skyddsskikt, som kan placeras p\u00e5 bara ena eller dukens b\u00e5da sidor. F\u00f6r att ge duken \u00f6kad livsl\u00e4ngd. De enda negativa aspekterna med taft \u00e4r att den ger seglet \u00f6kad vikt och s\u00e5 kostar taft pengar. Nu finns sedan 2017 en ny multifilament taft (traditionellt har taft varit v\u00e4vd) som v\u00e4ger knappt en tredjedel av vikten f\u00f6r traditionell taft. Som g\u00f6r denna v\u00e4ldigt l\u00e4mplig f\u00f6r racing segel.<br \/>\u00c4ven Filmless taffeta finns som val. H\u00e4r har duken en stabil taft p\u00e5 b\u00e5da sidor men ingen mylarfilm innuti. Blir l\u00e4tt och slitstarkt.<\/p>\n<h5>DETALJER \u2013 HUR VI BESTYCKAR DIN G2 MEMBRANE RULLGENUA<\/h5>\n<h5>Bukkompensator<\/h5>\n<p>Liksom f\u00f6r rullgenuer i dacron- och vanlig laminatduk, s\u00e5 b\u00f6r en G2 Membrane rullgenua som ska anv\u00e4ndas delvis inrullad ha bukkompensator.\u00a0Parallellt med f\u00f6rliket sys flera rader smala kanaler med foam\u00a0i fallande l\u00e4ngder. De hj\u00e4lper seglet att f\u00e5 planare form vid segling med delvis inrullat segel. Kanalerna med foam p\u00e5verkar seglet relativt lite vid fullt utrullat segel, samtidigt som det ger en effektiv bukkompensering n\u00e4r seglet anv\u00e4nds delvis inrullat.<\/p>\n<h5>Revf\u00f6rst\u00e4rkningar<\/h5>\n<p>Vi g\u00f6r extra l\u00e5nga f\u00f6rst\u00e4rkningar fr\u00e5n fallhorn l\u00e4ngs akterlik samt fr\u00e5n halshorn l\u00e4ngs underlik. De g\u00f6r seglet\u00a0f\u00f6rst\u00e4rkt d\u00e4r det blir stora p\u00e5frestningar vid segling med delvis inrullat segel.<\/p>\n<h5>Trim<\/h5>\n<p>Markeringar l\u00e4ngs underlik som referenspunkter vid revning. Telltales p\u00e5 tre niv\u00e5er.<br \/>Trimlina i akter- och underlik. Kontrastband som hj\u00e4lper att se seglets form.<\/p>\n<h5>UV-SKYDD<\/h5>\n<p>En rullgenua m\u00e5ste UV-skyddas. Med fastsytt UV-skydd och\/eller rullgenuakapell. Kappseglare b\u00f6r avst\u00e5 fastsytt UV-skydd (spara vikt) och bara ha kapell, som d\u00e5 m\u00e5ste hissas varje dag, \u00e4ven under semestern. Boding Segels rullgenuakapell finns i nya v\u00e4ven WeatherMax 80.<br \/>L\u00e4ttare, smidigare &amp; starkare, en optimal v\u00e4v f\u00f6r enkel hantering och l\u00e5ng livsl\u00e4ngd. N\u00f6jesseglare som v\u00e4ljer fastsytt UV-skydd rekommenderas att komplettera med ett rullgenuakapell helger\/veckor under s\u00e4songen n\u00e4r b\u00e5ten inte anv\u00e4nds, det h\u00e5ller seglet fr\u00e4schare \u00f6ver tid.<\/p>\n<div class=\"et_pb_button_module_wrapper\"><a class=\"et_pb_button\" href=\"https:\/\/new.boding.se\/en\/sail-configurator\/\">Skapa ditt segel<\/a><\/div>\n<p>[\/et_pb_tab][\/et_pb_tabs][\/et_pb_column][\/et_pb_section]<\/p>\n","protected":false},"excerpt":{"rendered":"<p>Ladda ned produktblad:Det \u00e4r mycket viktigt att k\u00f6pa en riktig rullgenua med alla finesser som moderna rullsegel \u00e4r utrustade med. Ska din rullgenua anv\u00e4ndas kombinerat f\u00f6r att vinna SRS-kappseglingar och f\u00f6r att n\u00e5 optimal familjesegling p\u00e5 semestern, s\u00e5 ska absolut en rullgenua i G2 Membrane\u2026Dacronduk (polyesterv\u00e4v) t\u00e5l stora p\u00e5frestningar under m\u00e5nga \u00e5r. Duken \u00e4r o\u00f6m [&hellip;]<\/p>\n","protected":false},"author":1,"featured_media":6216,"parent":7512,"menu_order":0,"comment_status":"closed","ping_status":"closed","template":"","meta":{"_et_pb_use_builder":"on","_et_pb_old_content":"<p><strong>Det \u00e4r mycket viktigt att k\u00f6pa en riktig rullgenua med alla finesser som moderna rullsegel \u00e4r utrustade med.<\/strong><\/p><p>Ska din rullgenua anv\u00e4ndas kombinerat f\u00f6r att vinna SRS-kappseglingar och f\u00f6r att n\u00e5 optimal familjesegling p\u00e5 semestern, s\u00e5 ska absolut en rullgenua i G2 Membrane duk \u00f6verv\u00e4gas. Ska du l\u00e5ngsegla till sydliga breddgrader med saltvatten och starkt solljus s\u00e5 \u00e4r fortfarande en f\u00f6rst\u00e4rkt rullgenua i kraftig dacronduk det b\u00e4sta valet. Det \u00e4r viktigt att du ber\u00e4ttar hur du seglar, s\u00e5 att vi kan f\u00f6resl\u00e5 r\u00e4tt segel.<\/p>","_et_gb_content_width":"","inline_featured_image":false,"footnotes":""},"_links":{"self":[{"href":"https:\/\/new.boding.se\/en\/wp-json\/wp\/v2\/pages\/6708"}],"collection":[{"href":"https:\/\/new.boding.se\/en\/wp-json\/wp\/v2\/pages"}],"about":[{"href":"https:\/\/new.boding.se\/en\/wp-json\/wp\/v2\/types\/page"}],"author":[{"embeddable":true,"href":"https:\/\/new.boding.se\/en\/wp-json\/wp\/v2\/users\/1"}],"replies":[{"embeddable":true,"href":"https:\/\/new.boding.se\/en\/wp-json\/wp\/v2\/comments?post=6708"}],"version-history":[{"count":1,"href":"https:\/\/new.boding.se\/en\/wp-json\/wp\/v2\/pages\/6708\/revisions"}],"predecessor-version":[{"id":6916,"href":"https:\/\/new.boding.se\/en\/wp-json\/wp\/v2\/pages\/6708\/revisions\/6916"}],"up":[{"embeddable":true,"href":"https:\/\/new.boding.se\/en\/wp-json\/wp\/v2\/pages\/7512"}],"wp:featuredmedia":[{"embeddable":true,"href":"https:\/\/new.boding.se\/en\/wp-json\/wp\/v2\/media\/6216"}],"wp:attachment":[{"href":"https:\/\/new.boding.se\/en\/wp-json\/wp\/v2\/media?parent=6708"}],"curies":[{"name":"wp","href":"https:\/\/api.w.org\/{rel}","templated":true}]}}