{"id":6701,"date":"2015-09-07T14:06:25","date_gmt":"2015-09-07T12:06:25","guid":{"rendered":"https:\/\/boding.sitepreview.app\/rullgenuakapell\/"},"modified":"2023-12-19T16:00:07","modified_gmt":"2023-12-19T15:00:07","slug":"rullgenuakapell","status":"publish","type":"page","link":"https:\/\/new.boding.se\/en\/sortiment\/kapell\/rullgenuakapell\/","title":{"rendered":"Rullgenuakapell"},"content":{"rendered":"<p>[et_pb_section fb_built=&#8221;1&#8243; specialty=&#8221;on&#8221; module_class=&#8221;section-single-product&#8221; _builder_version=&#8221;4.20.0&#8243; _module_preset=&#8221;default&#8221; global_colors_info=&#8221;{}&#8221;][et_pb_column type=&#8221;1_2&#8243; specialty_columns=&#8221;2&#8243; _builder_version=&#8221;4.16&#8243; custom_padding=&#8221;|||&#8221; global_colors_info=&#8221;{}&#8221; custom_padding__hover=&#8221;|||&#8221;][et_pb_row_inner module_class=&#8221;row-product-gallery&#8221; _builder_version=&#8221;4.20.0&#8243; _module_preset=&#8221;default&#8221; global_colors_info=&#8221;{}&#8221;][et_pb_column_inner saved_specialty_column_type=&#8221;1_2&#8243; _builder_version=&#8221;4.20.0&#8243; _module_preset=&#8221;default&#8221; global_colors_info=&#8221;{}&#8221;][et_pb_image src=&#8221;https:\/\/new.boding.se\/wp-content\/uploads\/2022\/03\/segel-home.jpg&#8221; title_text=&#8221;segel-home&#8221; show_bottom_space=&#8221;off&#8221; force_fullwidth=&#8221;on&#8221; _builder_version=&#8221;4.20.0&#8243; _module_preset=&#8221;default&#8221; global_colors_info=&#8221;{}&#8221;][\/et_pb_image][et_pb_image src=&#8221;https:\/\/new.boding.se\/wp-content\/uploads\/2022\/03\/kapell-home.jpg&#8221; title_text=&#8221;kapell-home&#8221; show_bottom_space=&#8221;off&#8221; force_fullwidth=&#8221;on&#8221; _builder_version=&#8221;4.20.0&#8243; _module_preset=&#8221;default&#8221; global_colors_info=&#8221;{}&#8221;][\/et_pb_image][et_pb_image src=&#8221;https:\/\/new.boding.se\/wp-content\/uploads\/2015\/08\/spinn.jpg&#8221; title_text=&#8221;spinn&#8221; show_bottom_space=&#8221;off&#8221; force_fullwidth=&#8221;on&#8221; _builder_version=&#8221;4.20.0&#8243; _module_preset=&#8221;default&#8221; global_colors_info=&#8221;{}&#8221;][\/et_pb_image][\/et_pb_column_inner][\/et_pb_row_inner][et_pb_row_inner disabled_on=&#8221;off|off|off&#8221; module_class=&#8221;row-pdf&#8221; _builder_version=&#8221;4.20.0&#8243; _module_preset=&#8221;default&#8221; global_colors_info=&#8221;{}&#8221;][et_pb_column_inner saved_specialty_column_type=&#8221;1_2&#8243; _builder_version=&#8221;4.20.0&#8243; _module_preset=&#8221;default&#8221; global_colors_info=&#8221;{}&#8221;][et_pb_text admin_label=&#8221;Download&#8221; module_class=&#8221;header&#8221; _builder_version=&#8221;4.20.0&#8243; _module_preset=&#8221;default&#8221; global_colors_info=&#8221;{}&#8221;]<\/p>\n<h4>Ladda ned produktblad:<\/h4>\n<p>[\/et_pb_text][et_pb_button button_url=&#8221;\/wp-content\/uploads\/2023\/03\/Masacril_2022-kapellvav.pdf&#8221; button_text=&#8221;Masacril_2022 kapellv\u00e4v&#8221; module_class=&#8221;pdf-btn&#8221; _builder_version=&#8221;4.20.0&#8243; _module_preset=&#8221;default&#8221; global_colors_info=&#8221;{}&#8221;][\/et_pb_button][et_pb_button button_url=&#8221;\/wp-content\/uploads\/2023\/03\/WeatherMAX-Swatch-Brochure-2022.pdf&#8221; button_text=&#8221;WeatherMAX-Swatch-Brochure-2022&#8243; module_class=&#8221;pdf-btn&#8221; _builder_version=&#8221;4.20.0&#8243; _module_preset=&#8221;default&#8221; global_colors_info=&#8221;{}&#8221;][\/et_pb_button][et_pb_button button_url=&#8221;\/wp-content\/uploads\/2018\/02\/WeatherMax-f\u00f6rdelar.pdf&#8221; button_text=&#8221;WeatherMax f\u00f6rdelar&#8221; module_class=&#8221;pdf-btn&#8221; _builder_version=&#8221;4.20.0&#8243; _module_preset=&#8221;default&#8221; global_colors_info=&#8221;{}&#8221;][\/et_pb_button][et_pb_button button_url=&#8221;\/wp-content\/uploads\/2018\/02\/WeatherMax-underh\u00e5ll.pdf&#8221; button_text=&#8221;WeatherMax underh\u00e5ll&#8221; module_class=&#8221;pdf-btn&#8221; _builder_version=&#8221;4.20.0&#8243; _module_preset=&#8221;default&#8221; global_colors_info=&#8221;{}&#8221;][\/et_pb_button][et_pb_button button_url=&#8221;\/wp-content\/uploads\/2023\/03\/WMAX80_Sale-Sheet_2022.pdf&#8221; button_text=&#8221;WMAX80 Sale Sheet 2022&#8243; module_class=&#8221;pdf-btn&#8221; _builder_version=&#8221;4.20.0&#8243; _module_preset=&#8221;default&#8221; global_colors_info=&#8221;{}&#8221;][\/et_pb_button][\/et_pb_column_inner][\/et_pb_row_inner][\/et_pb_column][et_pb_column type=&#8221;1_2&#8243; _builder_version=&#8221;4.16&#8243; custom_padding=&#8221;|||&#8221; global_colors_info=&#8221;{}&#8221; custom_padding__hover=&#8221;|||&#8221;][et_pb_post_title meta=&#8221;off&#8221; featured_image=&#8221;off&#8221; _builder_version=&#8221;4.16&#8243; _module_preset=&#8221;default&#8221; global_colors_info=&#8221;{}&#8221;][\/et_pb_post_title][et_pb_text _builder_version=&#8221;4.20.0&#8243; background_size=&#8221;initial&#8221; background_position=&#8221;top_left&#8221; background_repeat=&#8221;repeat&#8221; global_colors_info=&#8221;{}&#8221;]<strong>Boding Segels rullgenuakapell 2021 h\u00e5ller h\u00f6gsta standard p\u00e5 design, handarbete och funktion.<\/strong><\/p>\n<p>Rullgenuakapellen tillverkas\u00a0i kapellduk av h\u00f6gsta kvalitet. Vi erbjuder 2 olika fabrikat av kapellv\u00e4v.\u00a0<strong><br \/>\n<\/strong><br \/>\nV\u00e5ra rullgenuakapell g\u00f6rs med\u00a0robust blixtl\u00e5s och\u00a0f\u00f6rsett med extra kardborrs\u00e4kring upptill.<br \/>\nF\u00f6r att kapellet ej ska fladdra vid stark vind i hamnen s\u00e5 finns en effektiv sn\u00f6rning med zick-zack l\u00f6pande linor\u00a0som stramar \u00e5t kapellet runt seglet.<\/p>\n<p>Nya modellen har flera sm\u00e5 f\u00f6rb\u00e4ttringar som tillsammans g\u00f6r en stor skillnad, nu hissar du enkelt kapellet sj\u00e4lv p\u00e5 ett par minuter.<\/p>\n<p><strong>Rullgenuakapell STD<\/strong>\u00a0tillverkas i\u00a0traditionell\u00a0kapellv\u00e4v (akryl).<br \/>\n<strong>Rullgenuakapell WM80<\/strong>\u00a0tillverkas i\u00a0en v\u00e4v som heter WeatherMax.<\/p>\n<p>L\u00e4s mer om respektive\u00a0v\u00e4v genom att klicka p\u00e5 dess rubriker.[\/et_pb_text][et_pb_button button_url=&#8221;\/sail-configurator\/&#8221; button_text=&#8221;Skapa ditt segel&#8221; admin_label=&#8221;Configurator btn&#8221; module_class=&#8221;inrow-btn&#8221; _builder_version=&#8221;4.20.0&#8243; _module_preset=&#8221;default&#8221; global_module=&#8221;5634&#8243; saved_tabs=&#8221;all&#8221; global_colors_info=&#8221;{}&#8221;][\/et_pb_button][et_pb_button button_url=&#8221;\/prisforfragan\/&#8221; button_text=&#8221;Prisf\u00f6rfr\u00e5gan&#8221; admin_label=&#8221;Price request btn&#8221; module_class=&#8221;inrow-btn&#8221; _builder_version=&#8221;4.20.2&#8243; _module_preset=&#8221;default&#8221; global_module=&#8221;5635&#8243; saved_tabs=&#8221;all&#8221; global_colors_info=&#8221;{}&#8221;][\/et_pb_button][et_pb_tabs module_class=&#8221;tabs2&#8243; _builder_version=&#8221;4.20.0&#8243; _module_preset=&#8221;default&#8221; global_colors_info=&#8221;{}&#8221;][et_pb_tab title=&#8221;Rullgenuakapell STD&#8221; _builder_version=&#8221;4.20.0&#8243; _module_preset=&#8221;default&#8221; global_colors_info=&#8221;{}&#8221;]Rullgenuakapell STD g\u00f6rs i 300g\/m\u00b2 kapellv\u00e4v av h\u00f6g kvalitet fr\u00e5n tillverkaren Sauleda. V\u00e4ven \u00e4r 100% spinnf\u00e4rgad akryl f\u00f6r maximal f\u00e4rg\u00e4kthet.<br \/>\nBehandlad med Teflon f\u00f6r att skapa en skyddande yta mot smuts och \u00f6kat motst\u00e5nd mot vattengenomtr\u00e4ngning.<\/p>\n<p>Finns i m\u00e5nga f\u00e4rger. Se nedan. <em>Notera att f\u00e4rgnyans kan variera beroende p\u00e5 dator\/platta\/mobiltelefon.<\/em><\/p>\n[et_pb_section global_module=\"5914\"][\/et_pb_section]\n<div class=\"et_pb_button_module_wrapper\"><a class=\"et_pb_button\" href=\"https:\/\/new.boding.se\/en\/sail-configurator\/\">Skapa ditt segel<\/a><\/div>\n<p>[\/et_pb_tab][et_pb_tab title=&#8221;Rullgenuakapell WM80&#8243; _builder_version=&#8221;4.20.0&#8243; _module_preset=&#8221;default&#8221; global_colors_info=&#8221;{}&#8221;]<\/p>\n<p>Rullgenuakapell WM80 \u00e4r en nyhet Boding Segel introducerade 2016. Kapellv\u00e4ven WeatherMax 80 (WM80) \u00e4r v\u00e4vd i en patentskyddad SaturaMax\u2122 fiber. V\u00e4ven \u00e4r ca 10% l\u00e4ttare \u00e4n traditionell kapellv\u00e4v. Framf\u00f6rallt \u00e4r den mer f\u00f6ljsam och d\u00e4rmed mer l\u00e4mpad f\u00f6r rullgenuakapellets utmaningar. Kapellet g\u00e5r l\u00e4ttare att hissa och WM80 v\u00e4ven \u00e4r l\u00e4ttare att dra \u00e5t med kontroll linor s\u00e5 den vibrerar mindre.<\/p>\n<p>Det viktigaste \u00e4r v\u00e4vens styrka, den t\u00e5l vibrationer och n\u00f6tningar b\u00e4ttre \u00e4n traditionell kapellv\u00e4v.<\/p>\n<p>Vi rekommenderar alla att unna sig att rullgenuakapell i WM80 duk. Det g\u00e4ller framf\u00f6rallt b\u00e5t\u00e4gare som beh\u00f6ver kapell som \u00e4r 12m eller l\u00e4ngre. H\u00e4r \u00e4r WM80 kapellets f\u00f6rdelar tydliga (funktion och styrka).<\/p>\n<p>Vi lagerh\u00e5ller WeatherMax 80 v\u00e4ven\u00a0i 4 st f\u00e4rger.<br \/>11 Oyster (Off-white), 95 Silver mist (ljusgr\u00e5), 22 Pacific Blue (flaggbl\u00e5) och 25 Captain Navy (m\u00f6rkbl\u00e5).<br \/>Andra f\u00e4rger kan f\u00e5s mot pristill\u00e4gg 30-60 kr per meter, beroende p\u00e5 \u00f6nskad f\u00e4rg.<\/p>\n<p>Lagerf\u00e4rger:<br \/><em>Notera att f\u00e4rgnyans kan variera beroende p\u00e5 dator\/platta\/mobiltelefon.<\/em><\/p>\n[et_pb_section global_module=\"5913\"][\/et_pb_section]\n<div class=\"et_pb_button_module_wrapper\"><a class=\"et_pb_button\" href=\"https:\/\/new.boding.se\/en\/sail-configurator\/\">Skapa ditt segel<\/a><\/div>\n<p>[\/et_pb_tab][\/et_pb_tabs][et_pb_gallery gallery_ids=&#8221;3582,3583,3584,3585,3586,3587,3588,3589,3590,3591,3592,3593,3594,3595,3596,3597,3598,3600,3601,3602,3603,3599&#8243; posts_number=&#8221;100&#8243; show_title_and_caption=&#8221;off&#8221; show_pagination=&#8221;off&#8221; disabled_on=&#8221;off|off|off&#8221; admin_label=&#8221;Gallery for Tab1&#8243; module_id=&#8221;gallery-for-rullgenuakapell-std&#8221; _builder_version=&#8221;4.20.0&#8243; _module_preset=&#8221;default&#8221; global_module=&#8221;5914&#8243; global_colors_info=&#8221;{}&#8221;][\/et_pb_gallery][et_pb_gallery gallery_ids=&#8221;3635,3710,3726,3637&#8243; posts_number=&#8221;100&#8243; show_title_and_caption=&#8221;off&#8221; show_pagination=&#8221;off&#8221; disabled_on=&#8221;off|off|off&#8221; admin_label=&#8221;Gallery for Tab2&#8243; module_id=&#8221;gallery-for-rullgenuakapell-wm80&#8243; _builder_version=&#8221;4.20.0&#8243; _module_preset=&#8221;default&#8221; global_module=&#8221;5913&#8243; global_colors_info=&#8221;{}&#8221;][\/et_pb_gallery][\/et_pb_column][\/et_pb_section]<\/p>\n","protected":false},"excerpt":{"rendered":"<p>Ladda ned produktblad:Boding Segels rullgenuakapell 2021 h\u00e5ller h\u00f6gsta standard p\u00e5 design, handarbete och funktion. Rullgenuakapellen tillverkas\u00a0i kapellduk av h\u00f6gsta kvalitet. Vi erbjuder 2 olika fabrikat av kapellv\u00e4v.\u00a0 V\u00e5ra rullgenuakapell g\u00f6rs med\u00a0robust blixtl\u00e5s och\u00a0f\u00f6rsett med extra kardborrs\u00e4kring upptill. F\u00f6r att kapellet ej ska fladdra vid stark vind i hamnen s\u00e5 finns en effektiv sn\u00f6rning med zick-zack [&hellip;]<\/p>\n","protected":false},"author":1,"featured_media":6226,"parent":6715,"menu_order":0,"comment_status":"closed","ping_status":"closed","template":"","meta":{"_et_pb_use_builder":"on","_et_pb_old_content":"<p><strong>Boding Segels rullgenuakapell 2021 h\u00e5ller h\u00f6gsta standard p\u00e5 design, handarbete och funktion.<\/strong><\/p><p>Rullgenuakapellen tillverkas\u00a0i kapellduk av h\u00f6gsta kvalitet. Vi erbjuder 2 olika fabrikat av kapellv\u00e4v.\u00a0<strong><br \/><\/strong><br \/>V\u00e5ra rullgenuakapell g\u00f6rs med\u00a0robust blixtl\u00e5s och\u00a0f\u00f6rsett med extra kardborrs\u00e4kring upptill.<br \/>F\u00f6r att kapellet ej ska fladdra vid stark vind i hamnen s\u00e5 finns en effektiv sn\u00f6rning med zick-zack l\u00f6pande linor\u00a0som stramar \u00e5t kapellet runt seglet.<\/p><p>Nya modellen har flera sm\u00e5 f\u00f6rb\u00e4ttringar som tillsammans g\u00f6r en stor skillnad, nu hissar du enkelt kapellet sj\u00e4lv p\u00e5 ett par minuter.<\/p><p><strong><a href=\"https:\/\/new.boding.se\/kapell\/rullgenuakapell\/rullgenuakapell-std\/\">Rullgenuakapell STD<\/a><\/strong>\u00a0tillverkas i\u00a0traditionell\u00a0kapellv\u00e4v (akryl).<br \/><strong><a href=\"https:\/\/new.boding.se\/kapell\/rullgenuakapell\/rullgenuakapell-wm80\/\">Rullgenuakapell WM80<\/a><\/strong>\u00a0tillverkas i\u00a0en v\u00e4v som heter WeatherMax.<br \/>L\u00e4s mer om respektive\u00a0v\u00e4v genom att klicka p\u00e5 dess rubriker.<\/p>","_et_gb_content_width":"","inline_featured_image":false,"footnotes":""},"_links":{"self":[{"href":"https:\/\/new.boding.se\/en\/wp-json\/wp\/v2\/pages\/6701"}],"collection":[{"href":"https:\/\/new.boding.se\/en\/wp-json\/wp\/v2\/pages"}],"about":[{"href":"https:\/\/new.boding.se\/en\/wp-json\/wp\/v2\/types\/page"}],"author":[{"embeddable":true,"href":"https:\/\/new.boding.se\/en\/wp-json\/wp\/v2\/users\/1"}],"replies":[{"embeddable":true,"href":"https:\/\/new.boding.se\/en\/wp-json\/wp\/v2\/comments?post=6701"}],"version-history":[{"count":1,"href":"https:\/\/new.boding.se\/en\/wp-json\/wp\/v2\/pages\/6701\/revisions"}],"predecessor-version":[{"id":7363,"href":"https:\/\/new.boding.se\/en\/wp-json\/wp\/v2\/pages\/6701\/revisions\/7363"}],"up":[{"embeddable":true,"href":"https:\/\/new.boding.se\/en\/wp-json\/wp\/v2\/pages\/6715"}],"wp:featuredmedia":[{"embeddable":true,"href":"https:\/\/new.boding.se\/en\/wp-json\/wp\/v2\/media\/6226"}],"wp:attachment":[{"href":"https:\/\/new.boding.se\/en\/wp-json\/wp\/v2\/media?parent=6701"}],"curies":[{"name":"wp","href":"https:\/\/api.w.org\/{rel}","templated":true}]}}