{"id":6700,"date":"2015-09-07T14:12:01","date_gmt":"2015-09-07T12:12:01","guid":{"rendered":"https:\/\/boding.sitepreview.app\/spinnakerstrumpa\/"},"modified":"2015-09-07T14:12:01","modified_gmt":"2015-09-07T12:12:01","slug":"spinnakerstrumpa","status":"publish","type":"page","link":"https:\/\/new.boding.se\/en\/sortiment\/tillbehor\/spinnakerstrumpa\/","title":{"rendered":"Spinnakerstrumpa"},"content":{"rendered":"<p>[et_pb_section fb_built=&#8221;1&#8243; specialty=&#8221;on&#8221; module_class=&#8221;section-single-product&#8221; _builder_version=&#8221;4.20.0&#8243; _module_preset=&#8221;default&#8221; global_colors_info=&#8221;{}&#8221;][et_pb_column type=&#8221;1_2&#8243; specialty_columns=&#8221;2&#8243; _builder_version=&#8221;4.16&#8243; custom_padding=&#8221;|||&#8221; global_colors_info=&#8221;{}&#8221; custom_padding__hover=&#8221;|||&#8221;][et_pb_row_inner module_class=&#8221;row-product-gallery&#8221; _builder_version=&#8221;4.20.0&#8243; _module_preset=&#8221;default&#8221; global_colors_info=&#8221;{}&#8221;][et_pb_column_inner saved_specialty_column_type=&#8221;1_2&#8243; _builder_version=&#8221;4.20.0&#8243; _module_preset=&#8221;default&#8221; global_colors_info=&#8221;{}&#8221;][et_pb_image src=&#8221;https:\/\/new.boding.se\/wp-content\/uploads\/2022\/03\/segel-home.jpg&#8221; title_text=&#8221;segel-home&#8221; show_bottom_space=&#8221;off&#8221; force_fullwidth=&#8221;on&#8221; _builder_version=&#8221;4.20.0&#8243; _module_preset=&#8221;default&#8221; global_colors_info=&#8221;{}&#8221;][\/et_pb_image][et_pb_image src=&#8221;https:\/\/new.boding.se\/wp-content\/uploads\/2022\/03\/kapell-home.jpg&#8221; title_text=&#8221;kapell-home&#8221; show_bottom_space=&#8221;off&#8221; force_fullwidth=&#8221;on&#8221; _builder_version=&#8221;4.20.0&#8243; _module_preset=&#8221;default&#8221; global_colors_info=&#8221;{}&#8221;][\/et_pb_image][et_pb_image src=&#8221;https:\/\/new.boding.se\/wp-content\/uploads\/2015\/08\/spinn.jpg&#8221; title_text=&#8221;spinn&#8221; show_bottom_space=&#8221;off&#8221; force_fullwidth=&#8221;on&#8221; _builder_version=&#8221;4.20.0&#8243; _module_preset=&#8221;default&#8221; global_colors_info=&#8221;{}&#8221;][\/et_pb_image][\/et_pb_column_inner][\/et_pb_row_inner][et_pb_row_inner module_class=&#8221;row-pdf&#8221; _builder_version=&#8221;4.20.0&#8243; _module_preset=&#8221;default&#8221; hover_enabled=&#8221;0&#8243; global_colors_info=&#8221;{}&#8221; disabled_on=&#8221;on|on|on&#8221; disabled=&#8221;on&#8221; sticky_enabled=&#8221;0&#8243;][et_pb_column_inner saved_specialty_column_type=&#8221;1_2&#8243; _builder_version=&#8221;4.20.0&#8243; _module_preset=&#8221;default&#8221; global_colors_info=&#8221;{}&#8221;][et_pb_text admin_label=&#8221;Download&#8221; module_class=&#8221;header&#8221; _builder_version=&#8221;4.20.0&#8243; _module_preset=&#8221;default&#8221; global_colors_info=&#8221;{}&#8221;]<\/p>\n<h4>Ladda ned produktblad:<\/h4>\n<p>[\/et_pb_text][et_pb_button button_url=&#8221;#&#8221; button_text=&#8221;Lorem ipsum&#8221; module_class=&#8221;pdf-btn&#8221; _builder_version=&#8221;4.20.0&#8243; _module_preset=&#8221;default&#8221; global_colors_info=&#8221;{}&#8221;][\/et_pb_button][\/et_pb_column_inner][\/et_pb_row_inner][\/et_pb_column][et_pb_column type=&#8221;1_2&#8243; _builder_version=&#8221;4.16&#8243; custom_padding=&#8221;|||&#8221; global_colors_info=&#8221;{}&#8221; custom_padding__hover=&#8221;|||&#8221;][et_pb_post_title meta=&#8221;off&#8221; featured_image=&#8221;off&#8221; _builder_version=&#8221;4.16&#8243; _module_preset=&#8221;default&#8221; global_colors_info=&#8221;{}&#8221;][\/et_pb_post_title][et_pb_text _builder_version=&#8221;4.16&#8243; background_size=&#8221;initial&#8221; background_position=&#8221;top_left&#8221; background_repeat=&#8221;repeat&#8221; global_colors_info=&#8221;{}&#8221;]<strong>Den v\u00e4rldsledande strumpan, som Boding Segel har agenturen f\u00f6r i Sverige och Norge. Designed by ATN for Boding.<\/strong><\/p>\n<p>\u2022 Kontrollina leds via separat kanal som g\u00f6r att den \u00e4r helt separerad fr\u00e5n seglet &#8211; undviker trassel!<\/p>\n<p>\u2022 Ovalformad tratt f\u00f6r effektivare nedtagning och hissning. Tratten tillverkad av Kevlar vilken g\u00f6r tratten v\u00e4ldigt l\u00e4tt och stark.<\/p>\n<p>\u2022 Strumpan \u00e4r gjort i speciellt anpassat andas material, ett mesh liknande material som \u00e4r stark, l\u00e4tt och som ej suger vatten.<\/p>\n<p>\u2022 Seglet kan torka n\u00e4r det \u00e4r i strumpan och seglet klibbar inte fast mot strumpan om man hissar det n\u00e4r det \u00e4r bl\u00f6tt.<br \/>\nSeglet f\u00e4sts inuti strumpan med ett speciellt schackel som \u00e4r svirvlande, vilket \u00e4r viktigt f\u00f6r att kunna gippa p\u00e5 b\u00e4sta s\u00e4tt.<br \/>\n[\/et_pb_text][et_pb_button button_url=&#8221;\/sail-configurator\/&#8221; button_text=&#8221;Skapa ditt segel&#8221; admin_label=&#8221;Configurator btn&#8221; module_class=&#8221;inrow-btn&#8221; _builder_version=&#8221;4.20.0&#8243; _module_preset=&#8221;default&#8221; global_module=&#8221;5634&#8243; saved_tabs=&#8221;all&#8221; global_colors_info=&#8221;{}&#8221;][\/et_pb_button][et_pb_button button_url=&#8221;#&#8221; button_text=&#8221;Prisf\u00f6rfr\u00e5gan&#8221; admin_label=&#8221;Price request btn&#8221; module_class=&#8221;inrow-btn&#8221; _builder_version=&#8221;4.20.0&#8243; _module_preset=&#8221;default&#8221; global_module=&#8221;5635&#8243; saved_tabs=&#8221;all&#8221; global_colors_info=&#8221;{}&#8221;][\/et_pb_button][et_pb_tabs _builder_version=&#8221;4.20.0&#8243; _module_preset=&#8221;default&#8221; hover_enabled=&#8221;0&#8243; global_colors_info=&#8221;{}&#8221; disabled_on=&#8221;on|on|on&#8221; disabled=&#8221;on&#8221; sticky_enabled=&#8221;0&#8243;][et_pb_tab title=&#8221;Dacron Crosscut&#8221; _builder_version=&#8221;4.20.0&#8243; _module_preset=&#8221;default&#8221; global_colors_info=&#8221;{}&#8221;]<\/p>\n<p><strong>Lorem ipsum dolor sit amet, consectetur adipiscing elit, sed do eiusmod tempor incididunt ut labore et dolore magna aliqua. Tellus rutrum tellus pellentesque eu tincidunt tortor.<\/strong><\/p>\n<h5>Material<\/h5>\n<p>Lorem ipsum dolor sit amet, consectetur adipiscing elit, sed do eiusmod tempor incididunt ut labore et dolore magna aliqua. Tellus rutrum tellus pellentesque eu tincidunt tortor.<\/p>\n<h5>Sk\u00e4rning<\/h5>\n<p>Lorem ipsum dolor sit amet, consectetur adipiscing elit, sed do eiusmod tempor incididunt ut labore et dolore magna aliqua. Tellus rutrum tellus pellentesque eu tincidunt tortor.<\/p>\n<h5>Design<\/h5>\n<p>Lorem ipsum dolor sit amet, consectetur adipiscing elit, sed do eiusmod tempor incididunt ut labore et dolore magna aliqua. Tellus rutrum tellus pellentesque eu tincidunt tortor.<\/p>\n<div class=\"et_pb_button_module_wrapper\"><a class=\"et_pb_button\" href=\"https:\/\/new.boding.se\/en\/sail-configurator\/\">Skapa ditt segel<\/a><\/div>\n<p>[\/et_pb_tab][et_pb_tab title=&#8221;Cruisinglaminat Triradial&#8221; _builder_version=&#8221;4.20.0&#8243; _module_preset=&#8221;default&#8221; global_colors_info=&#8221;{}&#8221;]<\/p>\n<p>Lorem ipsum dolor sit amet, consectetur adipiscing elit, sed do eiusmod tempor incididunt ut labore et dolore magna aliqua. Vivamus at augue eget arcu dictum varius duis at. At quis risus sed vulputate. Molestie a iaculis at erat pellentesque. Id diam vel quam elementum pulvinar etiam non quam. Lectus arcu bibendum at varius vel. Tristique senectus et netus et malesuada fames ac turpis. Nisi est sit amet facilisis magna etiam. Lorem mollis aliquam ut porttitor leo a diam. Odio aenean sed adipiscing diam donec adipiscing tristique risus. Bibendum neque egestas congue quisque egestas diam. Sed blandit libero volutpat sed cras ornare arcu dui.<\/p>\n<div class=\"et_pb_button_module_wrapper\"><a class=\"et_pb_button\" href=\"https:\/\/new.boding.se\/en\/sail-configurator\/\">Skapa ditt segel<\/a><\/div>\n<p>[\/et_pb_tab][et_pb_tab title=&#8221;G2 Membrane&#8221; _builder_version=&#8221;4.20.0&#8243; _module_preset=&#8221;default&#8221; global_colors_info=&#8221;{}&#8221;]Lorem ipsum dolor sit amet, consectetur adipiscing elit, sed do eiusmod tempor incididunt ut labore et dolore magna aliqua. Vivamus at augue eget arcu dictum varius duis at. At quis risus sed vulputate. Molestie a iaculis at erat pellentesque. Id diam vel quam elementum pulvinar etiam non quam. Lectus arcu bibendum at varius vel. Tristique senectus et netus et malesuada fames ac turpis. Nisi est sit amet facilisis magna etiam. Lorem mollis aliquam ut porttitor leo a diam. Odio aenean sed adipiscing diam donec adipiscing tristique risus. Bibendum neque egestas congue quisque egestas diam. Sed blandit libero volutpat sed cras ornare arcu dui.<\/p>\n<div class=\"et_pb_button_module_wrapper\"><a class=\"et_pb_button\" href=\"https:\/\/new.boding.se\/en\/sail-configurator\/\">Skapa ditt segel<\/a><\/div>\n<p>[\/et_pb_tab][\/et_pb_tabs][\/et_pb_column][\/et_pb_section]<\/p>\n","protected":false},"excerpt":{"rendered":"<p>Ladda ned produktblad:Den v\u00e4rldsledande strumpan, som Boding Segel har agenturen f\u00f6r i Sverige och Norge. Designed by ATN for Boding. \u2022 Kontrollina leds via separat kanal som g\u00f6r att den \u00e4r helt separerad fr\u00e5n seglet &#8211; undviker trassel! \u2022 Ovalformad tratt f\u00f6r effektivare nedtagning och hissning. Tratten tillverkad av Kevlar vilken g\u00f6r tratten v\u00e4ldigt l\u00e4tt [&hellip;]<\/p>\n","protected":false},"author":1,"featured_media":6222,"parent":6713,"menu_order":0,"comment_status":"closed","ping_status":"closed","template":"","meta":{"_et_pb_use_builder":"on","_et_pb_old_content":"<p><strong>Den v\u00e4rldsledande strumpan, som Boding Segel har agenturen f\u00f6r i Sverige och Norge. Designed by ATN for Boding.<\/strong><\/p><p>\u2022 Kontrollina leds via separat kanal som g\u00f6r att den \u00e4r helt separerad fr\u00e5n seglet - undviker trassel!<\/p><p>\u2022 Ovalformad tratt f\u00f6r effektivare nedtagning och hissning. Tratten tillverkad av Kevlar vilken g\u00f6r tratten v\u00e4ldigt l\u00e4tt och stark.<\/p><p>\u2022 Strumpan \u00e4r gjort i speciellt anpassat andas material, ett mesh liknande material som \u00e4r stark, l\u00e4tt och som ej suger vatten.<\/p><p>\u2022 Seglet kan torka n\u00e4r det \u00e4r i strumpan och seglet klibbar inte fast mot strumpan om man hissar det n\u00e4r det \u00e4r bl\u00f6tt.<br \/>Seglet f\u00e4sts inuti strumpan med ett speciellt schackel som \u00e4r svirvlande, vilket \u00e4r viktigt f\u00f6r att kunna gippa p\u00e5 b\u00e4sta s\u00e4tt.<\/p>","_et_gb_content_width":"","inline_featured_image":false,"footnotes":""},"_links":{"self":[{"href":"https:\/\/new.boding.se\/en\/wp-json\/wp\/v2\/pages\/6700"}],"collection":[{"href":"https:\/\/new.boding.se\/en\/wp-json\/wp\/v2\/pages"}],"about":[{"href":"https:\/\/new.boding.se\/en\/wp-json\/wp\/v2\/types\/page"}],"author":[{"embeddable":true,"href":"https:\/\/new.boding.se\/en\/wp-json\/wp\/v2\/users\/1"}],"replies":[{"embeddable":true,"href":"https:\/\/new.boding.se\/en\/wp-json\/wp\/v2\/comments?post=6700"}],"version-history":[{"count":0,"href":"https:\/\/new.boding.se\/en\/wp-json\/wp\/v2\/pages\/6700\/revisions"}],"up":[{"embeddable":true,"href":"https:\/\/new.boding.se\/en\/wp-json\/wp\/v2\/pages\/6713"}],"wp:featuredmedia":[{"embeddable":true,"href":"https:\/\/new.boding.se\/en\/wp-json\/wp\/v2\/media\/6222"}],"wp:attachment":[{"href":"https:\/\/new.boding.se\/en\/wp-json\/wp\/v2\/media?parent=6700"}],"curies":[{"name":"wp","href":"https:\/\/api.w.org\/{rel}","templated":true}]}}