{"id":6699,"date":"2015-09-07T14:12:42","date_gmt":"2015-09-07T12:12:42","guid":{"rendered":"https:\/\/boding.sitepreview.app\/segelsackar\/"},"modified":"2015-09-07T14:12:42","modified_gmt":"2015-09-07T12:12:42","slug":"segelsackar","status":"publish","type":"page","link":"https:\/\/new.boding.se\/en\/sortiment\/tillbehor\/segelsackar\/","title":{"rendered":"Segels\u00e4ckar"},"content":{"rendered":"<p>[et_pb_section fb_built=&#8221;1&#8243; specialty=&#8221;on&#8221; module_class=&#8221;section-single-product&#8221; _builder_version=&#8221;4.20.0&#8243; _module_preset=&#8221;default&#8221; global_colors_info=&#8221;{}&#8221;][et_pb_column type=&#8221;1_2&#8243; specialty_columns=&#8221;2&#8243; _builder_version=&#8221;4.16&#8243; custom_padding=&#8221;|||&#8221; global_colors_info=&#8221;{}&#8221; custom_padding__hover=&#8221;|||&#8221;][et_pb_row_inner module_class=&#8221;row-product-gallery&#8221; _builder_version=&#8221;4.20.0&#8243; _module_preset=&#8221;default&#8221; global_colors_info=&#8221;{}&#8221;][et_pb_column_inner saved_specialty_column_type=&#8221;1_2&#8243; _builder_version=&#8221;4.20.0&#8243; _module_preset=&#8221;default&#8221; global_colors_info=&#8221;{}&#8221;][et_pb_image src=&#8221;https:\/\/new.boding.se\/wp-content\/uploads\/2022\/03\/segel-home.jpg&#8221; title_text=&#8221;segel-home&#8221; show_bottom_space=&#8221;off&#8221; force_fullwidth=&#8221;on&#8221; _builder_version=&#8221;4.20.0&#8243; _module_preset=&#8221;default&#8221; global_colors_info=&#8221;{}&#8221;][\/et_pb_image][et_pb_image src=&#8221;https:\/\/new.boding.se\/wp-content\/uploads\/2022\/03\/kapell-home.jpg&#8221; title_text=&#8221;kapell-home&#8221; show_bottom_space=&#8221;off&#8221; force_fullwidth=&#8221;on&#8221; _builder_version=&#8221;4.20.0&#8243; _module_preset=&#8221;default&#8221; global_colors_info=&#8221;{}&#8221;][\/et_pb_image][et_pb_image src=&#8221;https:\/\/new.boding.se\/wp-content\/uploads\/2015\/08\/spinn.jpg&#8221; title_text=&#8221;spinn&#8221; show_bottom_space=&#8221;off&#8221; force_fullwidth=&#8221;on&#8221; _builder_version=&#8221;4.20.0&#8243; _module_preset=&#8221;default&#8221; global_colors_info=&#8221;{}&#8221;][\/et_pb_image][\/et_pb_column_inner][\/et_pb_row_inner][et_pb_row_inner disabled_on=&#8221;on|on|on&#8221; module_class=&#8221;row-pdf&#8221; _builder_version=&#8221;4.20.0&#8243; _module_preset=&#8221;default&#8221; disabled=&#8221;on&#8221; global_colors_info=&#8221;{}&#8221;][et_pb_column_inner saved_specialty_column_type=&#8221;1_2&#8243; _builder_version=&#8221;4.20.0&#8243; _module_preset=&#8221;default&#8221; global_colors_info=&#8221;{}&#8221;][et_pb_text admin_label=&#8221;Download&#8221; module_class=&#8221;header&#8221; _builder_version=&#8221;4.20.0&#8243; _module_preset=&#8221;default&#8221; global_colors_info=&#8221;{}&#8221;]<\/p>\n<h4>Ladda ned produktblad:<\/h4>\n<p>[\/et_pb_text][et_pb_button button_url=&#8221;#&#8221; button_text=&#8221;Lorem ipsum&#8221; module_class=&#8221;pdf-btn&#8221; _builder_version=&#8221;4.20.0&#8243; _module_preset=&#8221;default&#8221; global_colors_info=&#8221;{}&#8221;][\/et_pb_button][\/et_pb_column_inner][\/et_pb_row_inner][\/et_pb_column][et_pb_column type=&#8221;1_2&#8243; _builder_version=&#8221;4.16&#8243; custom_padding=&#8221;|||&#8221; global_colors_info=&#8221;{}&#8221; custom_padding__hover=&#8221;|||&#8221;][et_pb_post_title meta=&#8221;off&#8221; featured_image=&#8221;off&#8221; _builder_version=&#8221;4.16&#8243; _module_preset=&#8221;default&#8221; global_colors_info=&#8221;{}&#8221;][\/et_pb_post_title][et_pb_text _builder_version=&#8221;4.16&#8243; background_size=&#8221;initial&#8221; background_position=&#8221;top_left&#8221; background_repeat=&#8221;repeat&#8221; global_colors_info=&#8221;{}&#8221;]<strong>Segels\u00e4ck standard <\/strong>finns i tre storlekar: small, medium och large.<\/p>\n<p><strong>Small:<\/strong> H\u00f6jd 770mm, diameter 450mm<br \/>\n<strong>Medium:<\/strong> H\u00f6jd 800mm, diameter 540mm<br \/>\n<strong>Large:<\/strong> H\u00f6jd 1000mm, diameter 560mm<\/p>\n<p><strong>Turtle Racing bag<\/strong> \u00e4r en boxformad segels\u00e4ck som passar f\u00f6r spinnaker och gennaker samt Code 0\/Code1. Den har karbinhakar p\u00e5 l\u00e5ngsidorna s\u00e5 att man enkelt kan s\u00e4tta fast s\u00e4cken i mant\u00e5get vid hissning\/rivning. 3 olika \u00f6ppningar i locket f\u00f6r att separera hornen. Ventilationsn\u00e4t i botten.<br \/>\n[\/et_pb_text][et_pb_button button_url=&#8221;\/sail-configurator\/&#8221; button_text=&#8221;Skapa ditt segel&#8221; admin_label=&#8221;Configurator btn&#8221; module_class=&#8221;inrow-btn&#8221; _builder_version=&#8221;4.20.0&#8243; _module_preset=&#8221;default&#8221; global_module=&#8221;5634&#8243; saved_tabs=&#8221;all&#8221; global_colors_info=&#8221;{}&#8221;][\/et_pb_button][et_pb_button button_url=&#8221;#&#8221; button_text=&#8221;Prisf\u00f6rfr\u00e5gan&#8221; admin_label=&#8221;Price request btn&#8221; module_class=&#8221;inrow-btn&#8221; _builder_version=&#8221;4.20.0&#8243; _module_preset=&#8221;default&#8221; global_module=&#8221;5635&#8243; saved_tabs=&#8221;all&#8221; global_colors_info=&#8221;{}&#8221;][\/et_pb_button][et_pb_tabs module_class=&#8221;tabs2&#8243; _builder_version=&#8221;4.20.0&#8243; _module_preset=&#8221;default&#8221; hover_enabled=&#8221;0&#8243; global_colors_info=&#8221;{}&#8221; sticky_enabled=&#8221;0&#8243;][et_pb_tab title=&#8221;Segels\u00e4ck&#8221; _builder_version=&#8221;4.20.0&#8243; _module_preset=&#8221;default&#8221; global_colors_info=&#8221;{}&#8221;]<\/p>\n<p><strong>Segels\u00e4ck standard finns i tre storlekar: small, medium och large. <\/strong><\/p>\n<p><strong>Small:<\/strong> H\u00f6jd 770mm, diameter 450mm<br \/><strong>Medium:<\/strong> H\u00f6jd 800mm, diameter 540mm<br \/><strong>Large:<\/strong> H\u00f6jd 1000mm, diameter 560mm<\/p>\n<div class=\"et_pb_button_module_wrapper\"><a class=\"et_pb_button\" href=\"https:\/\/new.boding.se\/en\/sail-configurator\/\">Skapa ditt segel<\/a><\/div>\n<p>[\/et_pb_tab][et_pb_tab title=&#8221;Racing bag&#8221; _builder_version=&#8221;4.20.0&#8243; _module_preset=&#8221;default&#8221; hover_enabled=&#8221;0&#8243; global_colors_info=&#8221;{}&#8221; sticky_enabled=&#8221;0&#8243;]Turtle Racing bag \u00e4r en boxformad segels\u00e4ck som passar f\u00f6r spinnaker och gennaker samt Code 0\/Code1. Den har karbinhakar p\u00e5 l\u00e5ngsidorna s\u00e5 att man enkelt kan s\u00e4tta fast s\u00e4cken i mant\u00e5get vid hissning\/rivning. 3 olika \u00f6ppningar i locket f\u00f6r att separera hornen. Ventilationsn\u00e4t i botten.<\/p>\n<div class=\"et_pb_button_module_wrapper\"><a class=\"et_pb_button\" href=\"https:\/\/new.boding.se\/en\/sail-configurator\/\">Skapa ditt segel<\/a><\/div>\n<p>[\/et_pb_tab][\/et_pb_tabs][\/et_pb_column][\/et_pb_section]<\/p>\n","protected":false},"excerpt":{"rendered":"<p>Ladda ned produktblad:Segels\u00e4ck standard finns i tre storlekar: small, medium och large. Small: H\u00f6jd 770mm, diameter 450mm Medium: H\u00f6jd 800mm, diameter 540mm Large: H\u00f6jd 1000mm, diameter 560mm Turtle Racing bag \u00e4r en boxformad segels\u00e4ck som passar f\u00f6r spinnaker och gennaker samt Code 0\/Code1. Den har karbinhakar p\u00e5 l\u00e5ngsidorna s\u00e5 att man enkelt kan s\u00e4tta fast [&hellip;]<\/p>\n","protected":false},"author":1,"featured_media":6222,"parent":6713,"menu_order":0,"comment_status":"closed","ping_status":"closed","template":"","meta":{"_et_pb_use_builder":"on","_et_pb_old_content":"<p><strong>Segels\u00e4ck standard <\/strong>finns i tre storlekar: small, medium och large.<\/p><p><strong>Small:<\/strong> H\u00f6jd 770mm, diameter 450mm<br \/><strong>Medium:<\/strong> H\u00f6jd 800mm, diameter 540mm<br \/><strong>Large:<\/strong> H\u00f6jd 1000mm, diameter 560mm<\/p><p><strong>Turtle Racing bag<\/strong> \u00e4r en boxformad segels\u00e4ck som passar f\u00f6r spinnaker och gennaker samt Code 0\/Code1. Den har karbinhakar p\u00e5 l\u00e5ngsidorna s\u00e5 att man enkelt kan s\u00e4tta fast s\u00e4cken i mant\u00e5get vid hissning\/rivning. 3 olika \u00f6ppningar i locket f\u00f6r att separera hornen. Ventilationsn\u00e4t i botten.<\/p>","_et_gb_content_width":"","inline_featured_image":false,"footnotes":""},"_links":{"self":[{"href":"https:\/\/new.boding.se\/en\/wp-json\/wp\/v2\/pages\/6699"}],"collection":[{"href":"https:\/\/new.boding.se\/en\/wp-json\/wp\/v2\/pages"}],"about":[{"href":"https:\/\/new.boding.se\/en\/wp-json\/wp\/v2\/types\/page"}],"author":[{"embeddable":true,"href":"https:\/\/new.boding.se\/en\/wp-json\/wp\/v2\/users\/1"}],"replies":[{"embeddable":true,"href":"https:\/\/new.boding.se\/en\/wp-json\/wp\/v2\/comments?post=6699"}],"version-history":[{"count":0,"href":"https:\/\/new.boding.se\/en\/wp-json\/wp\/v2\/pages\/6699\/revisions"}],"up":[{"embeddable":true,"href":"https:\/\/new.boding.se\/en\/wp-json\/wp\/v2\/pages\/6713"}],"wp:featuredmedia":[{"embeddable":true,"href":"https:\/\/new.boding.se\/en\/wp-json\/wp\/v2\/media\/6222"}],"wp:attachment":[{"href":"https:\/\/new.boding.se\/en\/wp-json\/wp\/v2\/media?parent=6699"}],"curies":[{"name":"wp","href":"https:\/\/api.w.org\/{rel}","templated":true}]}}