{"id":6698,"date":"2015-09-07T14:30:27","date_gmt":"2015-09-07T12:30:27","guid":{"rendered":"https:\/\/boding.sitepreview.app\/kontakt\/"},"modified":"2015-09-07T14:30:27","modified_gmt":"2015-09-07T12:30:27","slug":"kontakt","status":"publish","type":"page","link":"https:\/\/new.boding.se\/en\/kontakt\/","title":{"rendered":"Kontakta oss"},"content":{"rendered":"<p>[et_pb_section fb_built=&#8221;1&#8243; _builder_version=&#8221;4.16&#8243; global_colors_info=&#8221;{}&#8221;][et_pb_row _builder_version=&#8221;4.16&#8243; background_size=&#8221;initial&#8221; background_position=&#8221;top_left&#8221; background_repeat=&#8221;repeat&#8221; global_colors_info=&#8221;{}&#8221;][et_pb_column type=&#8221;4_4&#8243; _builder_version=&#8221;4.16&#8243; custom_padding=&#8221;|||&#8221; global_colors_info=&#8221;{}&#8221; custom_padding__hover=&#8221;|||&#8221;][et_pb_text admin_label=&#8221;Kontakta oss&#8221; _builder_version=&#8221;4.16&#8243; _module_preset=&#8221;default&#8221; text_orientation=&#8221;center&#8221; global_colors_info=&#8221;{}&#8221;]<\/p>\n<h1>Kontakta oss<\/h1>\n<p>Lorem ipsum dolor sit amet, consectetur adipiscing elit.<br \/>\nMauris sit amet ligula et tortor tincidunt malesuada.[\/et_pb_text][\/et_pb_column][\/et_pb_row][\/et_pb_section][et_pb_section fb_built=&#8221;1&#8243; _builder_version=&#8221;4.16&#8243; _module_preset=&#8221;default&#8221; global_colors_info=&#8221;{}&#8221;][et_pb_row column_structure=&#8221;1_4,1_4,1_4,1_4&#8243; _builder_version=&#8221;4.16&#8243; _module_preset=&#8221;default&#8221; global_colors_info=&#8221;{}&#8221;][et_pb_column type=&#8221;1_4&#8243; _builder_version=&#8221;4.16&#8243; _module_preset=&#8221;default&#8221; global_colors_info=&#8221;{}&#8221;][et_pb_text admin_label=&#8221;Stockholm&#8221; _builder_version=&#8221;4.20.0&#8243; background_size=&#8221;initial&#8221; background_position=&#8221;top_left&#8221; background_repeat=&#8221;repeat&#8221; global_colors_info=&#8221;{}&#8221;]<\/p>\n<h3>Stockholm<\/h3>\n<p><a href=\"tel:08-745 12 20\">08-745 12 20<\/a><br \/>\n<a href=\"mailto:stockholm@boding.se\">stockholm@boding.se<\/a><\/p>\n<p>\u00d6ppettider:<br \/>\nVardagar kl. 09.00-17.00.<br \/>\n\u00d6vriga tider efter \u00f6verenskommelse.[\/et_pb_text][\/et_pb_column][et_pb_column type=&#8221;1_4&#8243; _builder_version=&#8221;4.16&#8243; _module_preset=&#8221;default&#8221; global_colors_info=&#8221;{}&#8221;][et_pb_text admin_label=&#8221;G\u00f6teborg&#8221; _builder_version=&#8221;4.16&#8243; background_size=&#8221;initial&#8221; background_position=&#8221;top_left&#8221; background_repeat=&#8221;repeat&#8221; global_colors_info=&#8221;{}&#8221;]<\/p>\n<h3>G\u00f6teborg<\/h3>\n<p><a href=\"tel:031-933082\">031-93 30 82<\/a><br \/>\n<a href=\"mailto:gbg@boding.se\">gbg@boding.se<\/a><\/p>\n<p>\u00d6ppettider:<br \/>\nVi rekommenderar dig alltid att boka ett personligt m\u00f6te n\u00e4r du ska bes\u00f6ka Boding Segel i G\u00f6teborg. Eftersom vi n\u00e5n g\u00e5ng om dagen ofta har \u00e4rende till marinor eller leverant\u00f6rer och d\u00e5 l\u00e4mnas kontoret obemannat. \u00d6vrig tid bemannar Johannes B\u00f6rjesson kontoret vardagar kl.09-17, ofta kan vi h\u00e5lla \u00f6ppet tidigare eller senare om det passar b\u00e4ttre.[\/et_pb_text][\/et_pb_column][et_pb_column type=&#8221;1_4&#8243; _builder_version=&#8221;4.16&#8243; _module_preset=&#8221;default&#8221; global_colors_info=&#8221;{}&#8221;][et_pb_text admin_label=&#8221;Malm\u00f6&#8221; _builder_version=&#8221;4.16&#8243; background_size=&#8221;initial&#8221; background_position=&#8221;top_left&#8221; background_repeat=&#8221;repeat&#8221; global_colors_info=&#8221;{}&#8221;]<\/p>\n<h3>Malm\u00f6<\/h3>\n<p><a href=\"tel:040-159965\">040-15 99 65<\/a><br \/>\n<a href=\"mailto:malmo@boding.se\">malmo@boding.se<\/a>[\/et_pb_text][\/et_pb_column][et_pb_column type=&#8221;1_4&#8243; _builder_version=&#8221;4.16&#8243; _module_preset=&#8221;default&#8221; global_colors_info=&#8221;{}&#8221;][et_pb_text admin_label=&#8221;Oslo&#8221; _builder_version=&#8221;4.16&#8243; background_size=&#8221;initial&#8221; background_position=&#8221;top_left&#8221; background_repeat=&#8221;repeat&#8221; global_colors_info=&#8221;{}&#8221;]<\/p>\n<h3>Oslo<\/h3>\n<p><a href=\"tel:+46 (0)8 745 12 20\">+46 (0)8 745 12 20<\/a><br \/><a href=\"mailto:oslo@boding.se\">oslo@boding.se<\/a><\/p>\n<p>[\/et_pb_text][\/et_pb_column][\/et_pb_row][\/et_pb_section]<\/p>\n","protected":false},"excerpt":{"rendered":"<p>Kontakta oss Lorem ipsum dolor sit amet, consectetur adipiscing elit. Mauris sit amet ligula et tortor tincidunt malesuada.Stockholm 08-745 12 20 stockholm@boding.se \u00d6ppettider: Vardagar kl. 09.00-17.00. \u00d6vriga tider efter \u00f6verenskommelse.G\u00f6teborg 031-93 30 82 gbg@boding.se \u00d6ppettider: Vi rekommenderar dig alltid att boka ett personligt m\u00f6te n\u00e4r du ska bes\u00f6ka Boding Segel i G\u00f6teborg. Eftersom vi n\u00e5n [&hellip;]<\/p>\n","protected":false},"author":1,"featured_media":0,"parent":0,"menu_order":0,"comment_status":"closed","ping_status":"closed","template":"","meta":{"_et_pb_use_builder":"on","_et_pb_old_content":"<h2>Stockholm<\/h2>\r\n\u00d6ppettider:\r\nVardagar kl. 09.00-17.00.\r\n\u00d6vriga tider efter \u00f6verenskommelse.\r\n\r\nAdress: Dalar\u00f6v\u00e4gen 37C, 136 44 Handen.\r\nTel: 08-745 12 20.\r\nE-post: stockholm@boding.se\r\n<h2>G\u00f6teborg<\/h2>\r\n\u00d6ppettider:\r\nVi rekommenderar dig alltid att boka ett personligt m\u00f6te n\u00e4r du ska bes\u00f6ka Boding Segel i G\u00f6teborg. Eftersom vi n\u00e5n g\u00e5ng om dagen ofta har \u00e4rende till marinor eller leverant\u00f6rer och d\u00e5 l\u00e4mnas kontoret obemannat. \u00d6vrig tid bemannar Johannes B\u00f6rjesson kontoret vardagar kl.09-17, ofta kan vi h\u00e5lla \u00f6ppet tidigare eller senare om det passar b\u00e4ttre.\r\n\r\nAdress: Monsungatan 59, 417 66 G\u00f6teborg.\r\nTel: 031-93 30 82.\r\nE-post: gbg@boding.se\r\n<h2>Malm\u00f6<\/h2>\r\nTel: 040-15 99 65.\r\nE-post: malmo@boding.se\r\n<h2>Oslo<\/h2>\r\nTel: +46 (0)8 745 12 20.\r\nE-post: oslo@boding.se","_et_gb_content_width":"","inline_featured_image":false,"footnotes":""},"_links":{"self":[{"href":"https:\/\/new.boding.se\/en\/wp-json\/wp\/v2\/pages\/6698"}],"collection":[{"href":"https:\/\/new.boding.se\/en\/wp-json\/wp\/v2\/pages"}],"about":[{"href":"https:\/\/new.boding.se\/en\/wp-json\/wp\/v2\/types\/page"}],"author":[{"embeddable":true,"href":"https:\/\/new.boding.se\/en\/wp-json\/wp\/v2\/users\/1"}],"replies":[{"embeddable":true,"href":"https:\/\/new.boding.se\/en\/wp-json\/wp\/v2\/comments?post=6698"}],"version-history":[{"count":0,"href":"https:\/\/new.boding.se\/en\/wp-json\/wp\/v2\/pages\/6698\/revisions"}],"wp:attachment":[{"href":"https:\/\/new.boding.se\/en\/wp-json\/wp\/v2\/media?parent=6698"}],"curies":[{"name":"wp","href":"https:\/\/api.w.org\/{rel}","templated":true}]}}