{"id":6682,"date":"2015-12-15T18:29:00","date_gmt":"2015-12-15T17:29:00","guid":{"rendered":"https:\/\/boding.sitepreview.app\/gennaker-coderullsystem\/"},"modified":"2015-12-15T18:29:00","modified_gmt":"2015-12-15T17:29:00","slug":"gennaker-coderullsystem","status":"publish","type":"page","link":"https:\/\/new.boding.se\/en\/sortiment\/tillbehor\/rullsystem\/gennaker-coderullsystem\/","title":{"rendered":"Gennaker-\/Code rullsystem"},"content":{"rendered":"<p>[et_pb_section fb_built=&#8221;1&#8243; module_class=&#8221;section-products-assortment&#8221; _builder_version=&#8221;4.20.0&#8243; global_colors_info=&#8221;{}&#8221;][et_pb_row module_class=&#8221;row-header&#8221; _builder_version=&#8221;4.20.0&#8243; _module_preset=&#8221;default&#8221; global_colors_info=&#8221;{}&#8221;][et_pb_column type=&#8221;4_4&#8243; _builder_version=&#8221;4.16&#8243; _module_preset=&#8221;default&#8221; global_colors_info=&#8221;{}&#8221;][et_pb_text admin_label=&#8221;Products&#8221; _builder_version=&#8221;4.20.0&#8243; _module_preset=&#8221;default&#8221; text_orientation=&#8221;center&#8221; hover_enabled=&#8221;0&#8243; global_colors_info=&#8221;{}&#8221; sticky_enabled=&#8221;0&#8243;]<\/p>\n<h1>V\u00e5ra gennaker-\/code rullsystem<\/h1>\n<p>Varje segel, oavsett om du ska familjesegla eller vinna prestigefulla kappseglingar, \u00e4r designat enligt senaste teknik av v\u00e4rldsledande designers och utvecklas kontant.<\/p>\n<p>[\/et_pb_text][\/et_pb_column][\/et_pb_row][et_pb_row column_structure=&#8221;1_4,1_4,1_4,1_4&#8243; module_class=&#8221;row-assortment row-assortment4&#8243; _builder_version=&#8221;4.20.0&#8243; background_size=&#8221;initial&#8221; background_position=&#8221;top_left&#8221; background_repeat=&#8221;repeat&#8221; global_colors_info=&#8221;{}&#8221;][et_pb_column type=&#8221;1_4&#8243; _builder_version=&#8221;4.16&#8243; custom_padding=&#8221;|||&#8221; global_colors_info=&#8221;{}&#8221; custom_padding__hover=&#8221;|||&#8221;][et_pb_blurb title=&#8221;Seld\u00e9n CX&#8221; url=&#8221;\/sortiment\/rullsystem\/gennaker-coderullsystem\/selden-cx\/&#8221; image=&#8221;https:\/\/new.boding.se\/wp-content\/uploads\/2022\/03\/c55-home.jpg&#8221; admin_label=&#8221;Seld\u00e9n CX&#8221; _builder_version=&#8221;4.20.0&#8243; _module_preset=&#8221;default&#8221; link_option_url=&#8221;\/sortiment\/rullsystem\/gennaker-coderullsystem\/selden-cx\/&#8221; global_colors_info=&#8221;{}&#8221;][\/et_pb_blurb][\/et_pb_column][et_pb_column type=&#8221;1_4&#8243; _builder_version=&#8221;4.16&#8243; custom_padding=&#8221;|||&#8221; global_colors_info=&#8221;{}&#8221; custom_padding__hover=&#8221;|||&#8221;][et_pb_blurb title=&#8221;Seld\u00e9n GX&#8221; url=&#8221;\/sortiment\/rullsystem\/gennaker-coderullsystem\/selden-gx\/&#8221; image=&#8221;https:\/\/new.boding.se\/wp-content\/uploads\/2022\/03\/c55-home.jpg&#8221; admin_label=&#8221;Seld\u00e9n GX&#8221; _builder_version=&#8221;4.20.0&#8243; _module_preset=&#8221;default&#8221; link_option_url=&#8221;\/sortiment\/rullsystem\/gennaker-coderullsystem\/selden-gx\/&#8221; global_colors_info=&#8221;{}&#8221;][\/et_pb_blurb][\/et_pb_column][et_pb_column type=&#8221;1_4&#8243; _builder_version=&#8221;4.16&#8243; custom_padding=&#8221;|||&#8221; global_colors_info=&#8221;{}&#8221; custom_padding__hover=&#8221;|||&#8221;][et_pb_blurb title=&#8221;Karver KF&#8221; url=&#8221;\/sortiment\/rullsystem\/gennaker-coderullsystem\/karver\/&#8221; image=&#8221;https:\/\/new.boding.se\/wp-content\/uploads\/2022\/03\/segel-home.jpg&#8221; admin_label=&#8221;Karver KF&#8221; _builder_version=&#8221;4.20.0&#8243; _module_preset=&#8221;default&#8221; link_option_url=&#8221;\/sortiment\/rullsystem\/gennaker-coderullsystem\/karver\/&#8221; global_colors_info=&#8221;{}&#8221;][\/et_pb_blurb][\/et_pb_column][et_pb_column type=&#8221;1_4&#8243; _builder_version=&#8221;4.16&#8243; custom_padding=&#8221;|||&#8221; global_colors_info=&#8221;{}&#8221; custom_padding__hover=&#8221;|||&#8221;][et_pb_blurb title=&#8221;Karver KSF&#8221; url=&#8221;\/sortiment\/rullsystem\/gennaker-coderullsystem\/karver-ksf\/&#8221; image=&#8221;https:\/\/new.boding.se\/wp-content\/uploads\/2022\/03\/segel-home.jpg&#8221; admin_label=&#8221;Karver KSF&#8221; _builder_version=&#8221;4.20.0&#8243; _module_preset=&#8221;default&#8221; link_option_url=&#8221;\/sortiment\/rullsystem\/gennaker-coderullsystem\/karver-ksf\/&#8221; global_colors_info=&#8221;{}&#8221;][\/et_pb_blurb][\/et_pb_column][\/et_pb_row][\/et_pb_section][et_pb_section fb_built=&#8221;1&#8243; module_class=&#8221;section-products-description&#8221; _builder_version=&#8221;4.20.0&#8243; _module_preset=&#8221;default&#8221; global_colors_info=&#8221;{}&#8221;][et_pb_row module_class=&#8221;row-header&#8221; _builder_version=&#8221;4.20.0&#8243; _module_preset=&#8221;default&#8221; global_colors_info=&#8221;{}&#8221;][et_pb_column type=&#8221;4_4&#8243; _builder_version=&#8221;4.16&#8243; _module_preset=&#8221;default&#8221; global_colors_info=&#8221;{}&#8221;][et_pb_text admin_label=&#8221;About&#8221; _builder_version=&#8221;4.20.0&#8243; _module_preset=&#8221;default&#8221; text_orientation=&#8221;center&#8221; hover_enabled=&#8221;0&#8243; global_colors_info=&#8221;{}&#8221; sticky_enabled=&#8221;0&#8243;]<\/p>\n<h2>Om v\u00e5ra segel<\/h2>\n<p>Boding Segel jobbar h\u00e5rt och m\u00e5lmedvetet f\u00f6r att vara ett hypermodernt segelmakeri. Idag kan vi med nya maskiner, dukar och datorer, g\u00f6ra varje segel mycket b\u00e4ttre \u00e4n vad som var fallet f\u00f6r bara n\u00e5gra \u00e5r sedan. Dessutom till en l\u00e4gre kostnad \u2013 priser p\u00e5 kvalitetssegel har sjunkit n\u00e5got de senaste \u00e5ren.[\/et_pb_text][\/et_pb_column][\/et_pb_row][et_pb_row module_class=&#8221;row-description row-description1&#8243; _builder_version=&#8221;4.20.0&#8243; _module_preset=&#8221;default&#8221; background_image=&#8221;https:\/\/new.boding.se\/wp-content\/uploads\/2019\/09\/test.jpg&#8221; global_colors_info=&#8221;{}&#8221;][et_pb_column type=&#8221;4_4&#8243; _builder_version=&#8221;4.16&#8243; _module_preset=&#8221;default&#8221; global_colors_info=&#8221;{}&#8221;][et_pb_text admin_label=&#8221;1&#8243; _builder_version=&#8221;4.20.0&#8243; _module_preset=&#8221;default&#8221; global_colors_info=&#8221;{}&#8221;]<\/p>\n<h2>B\u00e5tsegel f\u00f6r alla typer av segling<\/h2>\n<p>Varje Boding Segel, oavsett om du ska familjesegla eller vinna prestigefulla kappseglingar, \u00e4r designat enligt senaste teknik av v\u00e4rldsledande designers och utvecklas kontant. Detaljutf\u00f6randen har modern finish och h\u00e5ller h\u00f6g kvalitet.<\/p>\n<p>Boding Segels motto \u00e4r att guida varje b\u00e5t\u00e4gare att k\u00f6pa r\u00e4tt segel och att det inte ska kosta mer \u00e4n n\u00f6dv\u00e4ndigt att k\u00f6pa det segel som \u00e4r perfekt f\u00f6r just dig.<\/p>\n<p><strong>L\u00e4s mer om varje segel i v\u00e5ra olika kategorier eller fyll i v\u00e5rt formul\u00e4r s\u00e5 guidar vi dig till r\u00e4tt produkt\/segel f\u00f6r din b\u00e5t.<\/strong><\/p>\n<div class=\"et_pb_button_module_wrapper\">\n\t<a class=\"et_pb_button\" href=\"https:\/\/new.boding.se\/om-boding\/\">L\u00e4s mer om oss<\/a>\n<\/div>\n<p>[\/et_pb_text][\/et_pb_column][\/et_pb_row][et_pb_row module_class=&#8221;row-description row-description2&#8243; _builder_version=&#8221;4.20.0&#8243; _module_preset=&#8221;default&#8221; background_image=&#8221;https:\/\/new.boding.se\/wp-content\/uploads\/2019\/09\/test.jpg&#8221; global_colors_info=&#8221;{}&#8221;][et_pb_column type=&#8221;4_4&#8243; _builder_version=&#8221;4.16&#8243; _module_preset=&#8221;default&#8221; global_colors_info=&#8221;{}&#8221;][et_pb_text admin_label=&#8221;2&#8243; _builder_version=&#8221;4.20.0&#8243; _module_preset=&#8221;default&#8221; global_colors_info=&#8221;{}&#8221;]<\/p>\n<h2>Segeltillverkare och segelservice<\/h2>\n<p>Segelmakeri \u00e4r en konst lika mycket som det \u00e4r ett hantverk. Som erfarna segeltillverkare med m\u00e5nga \u00e5rs erfarenhet l\u00e4gger vi ner m\u00e5nga timmar f\u00f6r att utveckla och optimera varje segel in i minsta detalj. Resultatet \u00e4r snabba och h\u00e5llbara segel som dessutom \u00e4r s\u00e4kra att hantera.<\/p>\n<p>Har du ett segel som beh\u00f6ver repareras? Hos oss kan du l\u00e4mna in ditt segel f\u00f6r segelservice. Vi tar emot alla typer av segel som t.ex storsegel, rullstor, rullgenua, genua, fock eller undanvindssegel oavsett om du k\u00f6pt seglet hos oss eller inte.<\/p>\n<p><strong>Kontakta oss om du har n\u00e5gra fr\u00e5gor p\u00e5 v\u00e5ra olika segel eller v\u00e5r segelservice.<\/strong><\/p>\n<div class=\"et_pb_button_module_wrapper\">\n\t<a class=\"et_pb_button\" href=\"https:\/\/new.boding.se\/en\/sail-configurator\/\">Skapa ditt segel<\/a>\n<\/div>\n<p>[\/et_pb_text][\/et_pb_column][\/et_pb_row][\/et_pb_section]<\/p>\n","protected":false},"excerpt":{"rendered":"<p>V\u00e5ra gennaker-\/code rullsystem Varje segel, oavsett om du ska familjesegla eller vinna prestigefulla kappseglingar, \u00e4r designat enligt senaste teknik av v\u00e4rldsledande designers och utvecklas kontant.Om v\u00e5ra segel Boding Segel jobbar h\u00e5rt och m\u00e5lmedvetet f\u00f6r att vara ett hypermodernt segelmakeri. Idag kan vi med nya maskiner, dukar och datorer, g\u00f6ra varje segel mycket b\u00e4ttre \u00e4n vad [&hellip;]<\/p>\n","protected":false},"author":2,"featured_media":0,"parent":6714,"menu_order":0,"comment_status":"closed","ping_status":"closed","template":"","meta":{"_et_pb_use_builder":"on","_et_pb_old_content":"<p align=\"LEFT\">Att rulla ut en Code 0\/Code 1\u00a0eller en gennaker \u00e4r en spektakul\u00e4r seglingsupplevelse. B\u00e5ten f\u00e5r kraft och accelerationen \u00e4r s\u00e5 p\u00e5taglig att seglingen f\u00e5r en ny dimension.<br \/>Rullgennakern \u00e4r ett fantastiskt segel, kanske \u00e4r seglet det mest revolutionerande som har h\u00e4nt under -90 och 00-talen. Intresset f\u00f6r detta nya segel med rullsystem\u00a0\u00e4r enormt.<br \/>Tack vare rullsystemet blir seglet\u00a0v\u00e4ldigt enkelt att hantera. Seglet kan\u00a0m\u00e5nga g\u00e5nger\u00a0f\u00f6rberedas och s\u00e4ttas redan i hamn innan du kastar loss.\u00a0V\u00e4l ute p\u00e5 fj\u00e4rden,\u00a0lossa inrullningslinan, skota hem s\u00e5 att seglet rullas ut och fyller. N\u00e4r seglet ska rullas in slackar man skotet och rullar ihop seglet med en \u00e4ndl\u00f6s man\u00f6verlina som l\u00f6per \u00f6ver lintrumman. N\u00e4r seglet \u00e4r inrullat \u00e4r det l\u00e4tt att ta ner det och stuva det i en bag, alternativt l\u00e5ter man det sitta uppe tempor\u00e4rt, redo att rullas ut igen.<\/p><p>\u00a0<\/p>","_et_gb_content_width":"","inline_featured_image":false,"footnotes":""},"_links":{"self":[{"href":"https:\/\/new.boding.se\/en\/wp-json\/wp\/v2\/pages\/6682"}],"collection":[{"href":"https:\/\/new.boding.se\/en\/wp-json\/wp\/v2\/pages"}],"about":[{"href":"https:\/\/new.boding.se\/en\/wp-json\/wp\/v2\/types\/page"}],"author":[{"embeddable":true,"href":"https:\/\/new.boding.se\/en\/wp-json\/wp\/v2\/users\/2"}],"replies":[{"embeddable":true,"href":"https:\/\/new.boding.se\/en\/wp-json\/wp\/v2\/comments?post=6682"}],"version-history":[{"count":0,"href":"https:\/\/new.boding.se\/en\/wp-json\/wp\/v2\/pages\/6682\/revisions"}],"up":[{"embeddable":true,"href":"https:\/\/new.boding.se\/en\/wp-json\/wp\/v2\/pages\/6714"}],"wp:attachment":[{"href":"https:\/\/new.boding.se\/en\/wp-json\/wp\/v2\/media?parent=6682"}],"curies":[{"name":"wp","href":"https:\/\/api.w.org\/{rel}","templated":true}]}}