{"id":6666,"date":"2018-02-08T17:20:51","date_gmt":"2018-02-08T16:20:51","guid":{"rendered":"https:\/\/boding.sitepreview.app\/karver-ksf\/"},"modified":"2018-02-08T17:20:51","modified_gmt":"2018-02-08T16:20:51","slug":"karver-ksf","status":"publish","type":"page","link":"https:\/\/new.boding.se\/en\/sortiment\/tillbehor\/rullsystem\/gennaker-coderullsystem\/karver-ksf\/","title":{"rendered":"Karver KSF"},"content":{"rendered":"<p>[et_pb_section fb_built=&#8221;1&#8243; specialty=&#8221;on&#8221; module_class=&#8221;section-single-product&#8221; _builder_version=&#8221;4.20.0&#8243; _module_preset=&#8221;default&#8221; global_colors_info=&#8221;{}&#8221;][et_pb_column type=&#8221;1_2&#8243; specialty_columns=&#8221;2&#8243; _builder_version=&#8221;4.16&#8243; custom_padding=&#8221;|||&#8221; global_colors_info=&#8221;{}&#8221; custom_padding__hover=&#8221;|||&#8221;][et_pb_row_inner module_class=&#8221;row-product-gallery&#8221; _builder_version=&#8221;4.20.0&#8243; _module_preset=&#8221;default&#8221; global_colors_info=&#8221;{}&#8221;][et_pb_column_inner saved_specialty_column_type=&#8221;1_2&#8243; _builder_version=&#8221;4.20.0&#8243; _module_preset=&#8221;default&#8221; global_colors_info=&#8221;{}&#8221;][et_pb_image src=&#8221;https:\/\/new.boding.se\/wp-content\/uploads\/2018\/02\/ksf.jpg&#8221; title_text=&#8221;ksf&#8221; show_in_lightbox=&#8221;on&#8221; show_bottom_space=&#8221;off&#8221; force_fullwidth=&#8221;on&#8221; _builder_version=&#8221;4.20.0&#8243; _module_preset=&#8221;default&#8221; global_colors_info=&#8221;{}&#8221;][\/et_pb_image][et_pb_image src=&#8221;https:\/\/new.boding.se\/wp-content\/uploads\/2018\/02\/ksf2new.jpg&#8221; title_text=&#8221;ksf2new&#8221; show_in_lightbox=&#8221;on&#8221; show_bottom_space=&#8221;off&#8221; force_fullwidth=&#8221;on&#8221; _builder_version=&#8221;4.20.0&#8243; _module_preset=&#8221;default&#8221; global_colors_info=&#8221;{}&#8221;][\/et_pb_image][et_pb_image src=&#8221;https:\/\/new.boding.se\/wp-content\/uploads\/2018\/02\/Karver-KF-swivel.jpg&#8221; title_text=&#8221;Karver KF swivel&#8221; show_in_lightbox=&#8221;on&#8221; show_bottom_space=&#8221;off&#8221; force_fullwidth=&#8221;on&#8221; _builder_version=&#8221;4.20.0&#8243; _module_preset=&#8221;default&#8221; global_colors_info=&#8221;{}&#8221;][\/et_pb_image][\/et_pb_column_inner][\/et_pb_row_inner][et_pb_row_inner module_class=&#8221;row-pdf&#8221; _builder_version=&#8221;4.20.0&#8243; _module_preset=&#8221;default&#8221; global_colors_info=&#8221;{}&#8221;][et_pb_column_inner saved_specialty_column_type=&#8221;1_2&#8243; _builder_version=&#8221;4.20.0&#8243; _module_preset=&#8221;default&#8221; global_colors_info=&#8221;{}&#8221;][et_pb_text admin_label=&#8221;Download&#8221; module_class=&#8221;header&#8221; _builder_version=&#8221;4.20.0&#8243; _module_preset=&#8221;default&#8221; global_colors_info=&#8221;{}&#8221;]<\/p>\n<h4>Ladda ned produktblad:<\/h4>\n<p>[\/et_pb_text][et_pb_button button_url=&#8221;\/wp-content\/uploads\/2018\/02\/Karver-furlers.pdf&#8221; button_text=&#8221;Karver furlers&#8221; module_class=&#8221;pdf-btn&#8221; _builder_version=&#8221;4.20.0&#8243; _module_preset=&#8221;default&#8221; global_colors_info=&#8221;{}&#8221;][\/et_pb_button][et_pb_button button_url=&#8221;\/wp-content\/uploads\/2018\/02\/Karver-KF.pdf&#8221; button_text=&#8221;Karver KF + KSF&#8221; module_class=&#8221;pdf-btn&#8221; _builder_version=&#8221;4.20.0&#8243; _module_preset=&#8221;default&#8221; global_colors_info=&#8221;{}&#8221;][\/et_pb_button][\/et_pb_column_inner][\/et_pb_row_inner][\/et_pb_column][et_pb_column type=&#8221;1_2&#8243; _builder_version=&#8221;4.16&#8243; custom_padding=&#8221;|||&#8221; global_colors_info=&#8221;{}&#8221; custom_padding__hover=&#8221;|||&#8221;][et_pb_post_title meta=&#8221;off&#8221; featured_image=&#8221;off&#8221; _builder_version=&#8221;4.16&#8243; _module_preset=&#8221;default&#8221; global_colors_info=&#8221;{}&#8221;][\/et_pb_post_title][et_pb_text _builder_version=&#8221;4.16&#8243; background_size=&#8221;initial&#8221; background_position=&#8221;top_left&#8221; background_repeat=&#8221;repeat&#8221; global_colors_info=&#8221;{}&#8221;]<strong>F\u00f6r rullning av en gennaker<\/strong><\/p>\n<p>Karver KSF (motsvarighet till Seld\u00e9n GX) \u00e4r systemet f\u00f6r djupare undanvindssegel f\u00f6r fr\u00e4mst\u00a0sl\u00f6r och l\u00e4ns, d\u00e4r seglets f\u00f6rlik har positiv kurvatur. Inrullning av seglet sker\u00a0uppifr\u00e5n och ner, s.k. \u201dTop-down furling\u201d. Nertill \u00e4r seglet halsat i en kullagrad halshornssvirvel och upptill i en fallsvirvel. D\u00e4remellan \u00e4r\u00a0seglet \u201dl\u00f6sfotat\u201d. En vridstyv lina (AT-kabel) f\u00f6rbinder rullsystemets trumma och fallsvirvel. Systemet man\u00f6vreras med en \u00e4ndl\u00f6s man\u00f6verlina som l\u00f6per \u00f6ver ett linhjul p\u00e5 trumman.\u00a0D\u00e5 trumman roterar \u00f6verf\u00f6r vridstyva linan vridkraften\u00a0till fallsvirveln och d\u00e4rigenom \u00e4r det seglets fallhorn som rullas in f\u00f6rst. Inrullningen forts\u00e4tter sedan ned\u00e5t tills dess att hela seglet \u00e4r inrullat i en l\u00e5ng v\u00e4lpackad rulle som \u00e4r l\u00e4tt att stuva ner i en bag.<br \/>\nMan\u00f6verlinan kan hanteras fr\u00e5n f\u00f6rd\u00e4cket men enklast \u00e4r att leda den till sittbrunnen och hantera den d\u00e4rifr\u00e5n. F\u00f6r att linan ska vara l\u00e4tt att hantera\u00a0finns som tillbeh\u00f6r\u00a0ett \u00f6ppningsbart ledbeslag f\u00f6r att leda linan utefter mant\u00e5get samt ett fiolblock med dubbla linl\u00e5s f\u00f6r l\u00e5sning av linan.<\/p>\n<p>L\u00e4s mer om systemet samt tillbeh\u00f6r i produktbladen.<\/p>\n<p>\n\t\t<style type=\"text\/css\">\n\t\t\t#gallery-1 {\n\t\t\t\tmargin: auto;\n\t\t\t}\n\t\t\t#gallery-1 .gallery-item {\n\t\t\t\tfloat: left;\n\t\t\t\tmargin-top: 10px;\n\t\t\t\ttext-align: center;\n\t\t\t\twidth: 20%;\n\t\t\t}\n\t\t\t#gallery-1 img {\n\t\t\t\tborder: 2px solid #cfcfcf;\n\t\t\t}\n\t\t\t#gallery-1 .gallery-caption {\n\t\t\t\tmargin-left: 0;\n\t\t\t}\n\t\t\t\/* see gallery_shortcode() in wp-includes\/media.php *\/\n\t\t<\/style>\n\t\t<div id='gallery-1' class='gallery galleryid-6666 gallery-columns-5 gallery-size-thumbnail'><dl class='gallery-item'>\n\t\t\t<dt class='gallery-icon landscape'>\n\t\t\t\t<a href='https:\/\/new.boding.se\/wp-content\/uploads\/2018\/02\/ksf.jpg'><img loading=\"lazy\" decoding=\"async\" width=\"150\" height=\"150\" src=\"https:\/\/new.boding.se\/wp-content\/uploads\/2018\/02\/ksf-150x150.jpg\" class=\"attachment-thumbnail size-thumbnail\" alt=\"\" srcset=\"https:\/\/new.boding.se\/wp-content\/uploads\/2018\/02\/ksf-150x150.jpg 150w, https:\/\/new.boding.se\/wp-content\/uploads\/2018\/02\/ksf-300x300.jpg 300w, https:\/\/new.boding.se\/wp-content\/uploads\/2018\/02\/ksf-768x768.jpg 768w, https:\/\/new.boding.se\/wp-content\/uploads\/2018\/02\/ksf.jpg 800w\" sizes=\"(max-width: 150px) 100vw, 150px\" \/><\/a>\n\t\t\t<\/dt><\/dl><dl class='gallery-item'>\n\t\t\t<dt class='gallery-icon landscape'>\n\t\t\t\t<a href='https:\/\/new.boding.se\/wp-content\/uploads\/2018\/02\/ksf2new.jpg'><img loading=\"lazy\" decoding=\"async\" width=\"150\" height=\"150\" src=\"https:\/\/new.boding.se\/wp-content\/uploads\/2018\/02\/ksf2new-150x150.jpg\" class=\"attachment-thumbnail size-thumbnail\" alt=\"\" srcset=\"https:\/\/new.boding.se\/wp-content\/uploads\/2018\/02\/ksf2new-150x150.jpg 150w, https:\/\/new.boding.se\/wp-content\/uploads\/2018\/02\/ksf2new-300x300.jpg 300w, https:\/\/new.boding.se\/wp-content\/uploads\/2018\/02\/ksf2new.jpg 700w\" sizes=\"(max-width: 150px) 100vw, 150px\" \/><\/a>\n\t\t\t<\/dt><\/dl><dl class='gallery-item'>\n\t\t\t<dt class='gallery-icon landscape'>\n\t\t\t\t<a href='https:\/\/new.boding.se\/wp-content\/uploads\/2018\/02\/Karver-KF-swivel.jpg'><img loading=\"lazy\" decoding=\"async\" width=\"150\" height=\"150\" src=\"https:\/\/new.boding.se\/wp-content\/uploads\/2018\/02\/Karver-KF-swivel-150x150.jpg\" class=\"attachment-thumbnail size-thumbnail\" alt=\"\" srcset=\"https:\/\/new.boding.se\/wp-content\/uploads\/2018\/02\/Karver-KF-swivel-150x150.jpg 150w, https:\/\/new.boding.se\/wp-content\/uploads\/2018\/02\/Karver-KF-swivel-300x300.jpg 300w, https:\/\/new.boding.se\/wp-content\/uploads\/2018\/02\/Karver-KF-swivel-768x768.jpg 768w, https:\/\/new.boding.se\/wp-content\/uploads\/2018\/02\/Karver-KF-swivel.jpg 800w\" sizes=\"(max-width: 150px) 100vw, 150px\" \/><\/a>\n\t\t\t<\/dt><\/dl>\n\t\t\t<br style='clear: both' \/>\n\t\t<\/div>\n<br \/>\n[\/et_pb_text][et_pb_button button_url=&#8221;\/sail-configurator\/&#8221; button_text=&#8221;Skapa ditt segel&#8221; admin_label=&#8221;Configurator btn&#8221; module_class=&#8221;inrow-btn&#8221; _builder_version=&#8221;4.20.0&#8243; _module_preset=&#8221;default&#8221; global_module=&#8221;5634&#8243; saved_tabs=&#8221;all&#8221; global_colors_info=&#8221;{}&#8221;][\/et_pb_button][et_pb_button button_url=&#8221;#&#8221; button_text=&#8221;Prisf\u00f6rfr\u00e5gan&#8221; admin_label=&#8221;Price request btn&#8221; module_class=&#8221;inrow-btn&#8221; _builder_version=&#8221;4.20.0&#8243; _module_preset=&#8221;default&#8221; global_module=&#8221;5635&#8243; saved_tabs=&#8221;all&#8221; global_colors_info=&#8221;{}&#8221;][\/et_pb_button][et_pb_tabs disabled_on=&#8221;on|on|on&#8221; _builder_version=&#8221;4.20.0&#8243; _module_preset=&#8221;default&#8221; disabled=&#8221;on&#8221; global_colors_info=&#8221;{}&#8221;][et_pb_tab title=&#8221;Dacron Crosscut&#8221; _builder_version=&#8221;4.20.0&#8243; _module_preset=&#8221;default&#8221; global_colors_info=&#8221;{}&#8221;]<\/p>\n<p><strong>Lorem ipsum dolor sit amet, consectetur adipiscing elit, sed do eiusmod tempor incididunt ut labore et dolore magna aliqua. Tellus rutrum tellus pellentesque eu tincidunt tortor.<\/strong><\/p>\n<h5>Material<\/h5>\n<p>Lorem ipsum dolor sit amet, consectetur adipiscing elit, sed do eiusmod tempor incididunt ut labore et dolore magna aliqua. Tellus rutrum tellus pellentesque eu tincidunt tortor.<\/p>\n<h5>Sk\u00e4rning<\/h5>\n<p>Lorem ipsum dolor sit amet, consectetur adipiscing elit, sed do eiusmod tempor incididunt ut labore et dolore magna aliqua. Tellus rutrum tellus pellentesque eu tincidunt tortor.<\/p>\n<h5>Design<\/h5>\n<p>Lorem ipsum dolor sit amet, consectetur adipiscing elit, sed do eiusmod tempor incididunt ut labore et dolore magna aliqua. Tellus rutrum tellus pellentesque eu tincidunt tortor.<\/p>\n<div class=\"et_pb_button_module_wrapper\"><a class=\"et_pb_button\" href=\"https:\/\/new.boding.se\/en\/sail-configurator\/\">Skapa ditt segel<\/a><\/div>\n<p>[\/et_pb_tab][et_pb_tab title=&#8221;Cruisinglaminat Triradial&#8221; _builder_version=&#8221;4.20.0&#8243; _module_preset=&#8221;default&#8221; global_colors_info=&#8221;{}&#8221;]<\/p>\n<p>Lorem ipsum dolor sit amet, consectetur adipiscing elit, sed do eiusmod tempor incididunt ut labore et dolore magna aliqua. Vivamus at augue eget arcu dictum varius duis at. At quis risus sed vulputate. Molestie a iaculis at erat pellentesque. Id diam vel quam elementum pulvinar etiam non quam. Lectus arcu bibendum at varius vel. Tristique senectus et netus et malesuada fames ac turpis. Nisi est sit amet facilisis magna etiam. Lorem mollis aliquam ut porttitor leo a diam. Odio aenean sed adipiscing diam donec adipiscing tristique risus. Bibendum neque egestas congue quisque egestas diam. Sed blandit libero volutpat sed cras ornare arcu dui.<\/p>\n<div class=\"et_pb_button_module_wrapper\"><a class=\"et_pb_button\" href=\"https:\/\/new.boding.se\/en\/sail-configurator\/\">Skapa ditt segel<\/a><\/div>\n<p>[\/et_pb_tab][et_pb_tab title=&#8221;G2 Membrane&#8221; _builder_version=&#8221;4.20.0&#8243; _module_preset=&#8221;default&#8221; global_colors_info=&#8221;{}&#8221;]Lorem ipsum dolor sit amet, consectetur adipiscing elit, sed do eiusmod tempor incididunt ut labore et dolore magna aliqua. Vivamus at augue eget arcu dictum varius duis at. At quis risus sed vulputate. Molestie a iaculis at erat pellentesque. Id diam vel quam elementum pulvinar etiam non quam. Lectus arcu bibendum at varius vel. Tristique senectus et netus et malesuada fames ac turpis. Nisi est sit amet facilisis magna etiam. Lorem mollis aliquam ut porttitor leo a diam. Odio aenean sed adipiscing diam donec adipiscing tristique risus. Bibendum neque egestas congue quisque egestas diam. Sed blandit libero volutpat sed cras ornare arcu dui.<\/p>\n<div class=\"et_pb_button_module_wrapper\"><a class=\"et_pb_button\" href=\"https:\/\/new.boding.se\/en\/sail-configurator\/\">Skapa ditt segel<\/a><\/div>\n<p>[\/et_pb_tab][\/et_pb_tabs][\/et_pb_column][\/et_pb_section]<\/p>\n","protected":false},"excerpt":{"rendered":"<p>Ladda ned produktblad:F\u00f6r rullning av en gennaker Karver KSF (motsvarighet till Seld\u00e9n GX) \u00e4r systemet f\u00f6r djupare undanvindssegel f\u00f6r fr\u00e4mst\u00a0sl\u00f6r och l\u00e4ns, d\u00e4r seglets f\u00f6rlik har positiv kurvatur. Inrullning av seglet sker\u00a0uppifr\u00e5n och ner, s.k. \u201dTop-down furling\u201d. Nertill \u00e4r seglet halsat i en kullagrad halshornssvirvel och upptill i en fallsvirvel. D\u00e4remellan \u00e4r\u00a0seglet \u201dl\u00f6sfotat\u201d. En vridstyv [&hellip;]<\/p>\n","protected":false},"author":3,"featured_media":0,"parent":6682,"menu_order":0,"comment_status":"closed","ping_status":"closed","template":"","meta":{"_et_pb_use_builder":"on","_et_pb_old_content":"<p><strong>F\u00f6r rullning av en gennaker<\/strong><\/p><p>Karver KSF (motsvarighet till Seld\u00e9n GX) \u00e4r systemet f\u00f6r djupare undanvindssegel f\u00f6r fr\u00e4mst\u00a0sl\u00f6r och l\u00e4ns, d\u00e4r seglets f\u00f6rlik har positiv kurvatur. Inrullning av seglet sker\u00a0uppifr\u00e5n och ner, s.k. \u201dTop-down furling\u201d. Nertill \u00e4r seglet halsat i en kullagrad halshornssvirvel och upptill i en fallsvirvel. D\u00e4remellan \u00e4r\u00a0seglet \u201dl\u00f6sfotat\u201d. En vridstyv lina (AT-kabel) f\u00f6rbinder rullsystemets trumma och fallsvirvel. Systemet man\u00f6vreras med en \u00e4ndl\u00f6s man\u00f6verlina som l\u00f6per \u00f6ver ett linhjul p\u00e5 trumman.\u00a0D\u00e5 trumman roterar \u00f6verf\u00f6r vridstyva linan vridkraften\u00a0till fallsvirveln och d\u00e4rigenom \u00e4r det seglets fallhorn som rullas in f\u00f6rst. Inrullningen forts\u00e4tter sedan ned\u00e5t tills dess att hela seglet \u00e4r inrullat i en l\u00e5ng v\u00e4lpackad rulle som \u00e4r l\u00e4tt att stuva ner i en bag.<br \/>Man\u00f6verlinan kan hanteras fr\u00e5n f\u00f6rd\u00e4cket men enklast \u00e4r att leda den till sittbrunnen och hantera den d\u00e4rifr\u00e5n. F\u00f6r att linan ska vara l\u00e4tt att hantera\u00a0finns som tillbeh\u00f6r\u00a0ett \u00f6ppningsbart ledbeslag f\u00f6r att leda linan utefter mant\u00e5get samt ett fiolblock med dubbla linl\u00e5s f\u00f6r l\u00e5sning av linan.<\/p><p>L\u00e4s mer om systemet samt tillbeh\u00f6r i produktbladen.<\/p><p>[gallery link=\"file\" columns=\"5\" ids=\"3987,3988,3979\"]<\/p>","_et_gb_content_width":"","inline_featured_image":false,"footnotes":""},"_links":{"self":[{"href":"https:\/\/new.boding.se\/en\/wp-json\/wp\/v2\/pages\/6666"}],"collection":[{"href":"https:\/\/new.boding.se\/en\/wp-json\/wp\/v2\/pages"}],"about":[{"href":"https:\/\/new.boding.se\/en\/wp-json\/wp\/v2\/types\/page"}],"author":[{"embeddable":true,"href":"https:\/\/new.boding.se\/en\/wp-json\/wp\/v2\/users\/3"}],"replies":[{"embeddable":true,"href":"https:\/\/new.boding.se\/en\/wp-json\/wp\/v2\/comments?post=6666"}],"version-history":[{"count":0,"href":"https:\/\/new.boding.se\/en\/wp-json\/wp\/v2\/pages\/6666\/revisions"}],"up":[{"embeddable":true,"href":"https:\/\/new.boding.se\/en\/wp-json\/wp\/v2\/pages\/6682"}],"wp:attachment":[{"href":"https:\/\/new.boding.se\/en\/wp-json\/wp\/v2\/media?parent=6666"}],"curies":[{"name":"wp","href":"https:\/\/api.w.org\/{rel}","templated":true}]}}